{"id":1270,"date":"2017-05-30T15:09:59","date_gmt":"2017-05-30T19:09:59","guid":{"rendered":"http:\/\/dom.lux9.com\/nos-produits\/"},"modified":"2017-06-19T14:54:35","modified_gmt":"2017-06-19T18:54:35","slug":"nos-produits","status":"publish","type":"page","link":"https:\/\/dominternational.com\/fr\/nos-produits\/","title":{"rendered":"NOS PRODUITS"},"content":{"rendered":"\t\t<div data-elementor-type=\"wp-post\" data-elementor-id=\"1270\" class=\"elementor elementor-1270 elementor-bc-flex-widget\">\n\t\t\t\t\t\t<section class=\"elementor-section elementor-top-section elementor-element elementor-element-wjeoeug elementor-section-boxed elementor-section-height-default elementor-section-height-default\" data-id=\"wjeoeug\" data-element_type=\"section\" data-e-type=\"section\">\n\t\t\t\t\t\t<div class=\"elementor-container elementor-column-gap-default\">\n\t\t\t\t\t<div class=\"elementor-column elementor-col-100 elementor-top-column elementor-element elementor-element-y3hetiw\" data-id=\"y3hetiw\" data-element_type=\"column\" data-e-type=\"column\">\n\t\t\t<div class=\"elementor-widget-wrap elementor-element-populated\">\n\t\t\t\t\t\t<div class=\"elementor-element elementor-element-9sg8t93 elementor-widget elementor-widget-text-editor\" data-id=\"9sg8t93\" data-element_type=\"widget\" data-e-type=\"widget\" data-widget_type=\"text-editor.default\">\n\t\t\t\t<div class=\"elementor-widget-container\">\n\t\t\t\t\t\t\t\t\t<h2>LES PRODUITS DE LA MER DOM<\/h2><p>Servir les meilleurs fruits de mer \u00e0 votre table est notre passion. Dans la recherche de sources d\u2019approvisionnement pour nos fruits de mer, nous nous int\u00e9ressons aux m\u00e9thodes de p\u00eache, mais aussi au go\u00fbt du produit, \u00e0 son apparence et aux m\u00e9thodes de transport. C\u2019est pourquoi nous nous faisons un point d\u2019honneur de visiter chacun de nos fournisseurs, et c\u2019est aussi pourquoi nous avons parcouru la plan\u00e8te de long en large \u00e0 la recherche des meilleurs produits. Nous voulons voir les processus, go\u00fbter le produit et b\u00e2tir des relations solides avec ceux qui font bien les choses. Nous le faisons pour assurer que nos fruits de mer sont toujours de la plus haute qualit\u00e9. <strong>C\u2019est notre promesse.<\/strong><\/p>\t\t\t\t\t\t\t\t<\/div>\n\t\t\t\t<\/div>\n\t\t\t\t\t<\/div>\n\t\t<\/div>\n\t\t\t\t\t<\/div>\n\t\t<\/section>\n\t\t\t\t<section class=\"elementor-section elementor-top-section elementor-element elementor-element-v1i0920 elementor-section-content-middle elementor-section-boxed elementor-section-height-default elementor-section-height-default\" data-id=\"v1i0920\" data-element_type=\"section\" data-e-type=\"section\">\n\t\t\t\t\t\t<div class=\"elementor-container elementor-column-gap-default\">\n\t\t\t\t\t<div class=\"elementor-column elementor-col-50 elementor-top-column elementor-element elementor-element-9qepnrq\" data-id=\"9qepnrq\" data-element_type=\"column\" data-e-type=\"column\">\n\t\t\t<div class=\"elementor-widget-wrap elementor-element-populated\">\n\t\t\t\t\t\t<div class=\"elementor-element elementor-element-12rjhcm elementor-widget elementor-widget-image\" data-id=\"12rjhcm\" data-element_type=\"widget\" data-e-type=\"widget\" data-widget_type=\"image.default\">\n\t\t\t\t<div class=\"elementor-widget-container\">\n\t\t\t\t\t\t\t\t\t\t\t\t\t\t\t<img fetchpriority=\"high\" decoding=\"async\" width=\"1024\" height=\"768\" src=\"https:\/\/dominternational.com\/wp-content\/uploads\/2017\/02\/GettyImages-183815569-1024x768.jpg\" class=\"attachment-large size-large wp-image-249\" alt=\"Scandinavian Salt and Sugar cured salmon platter with fresh dill, red onion and capers\" srcset=\"https:\/\/dominternational.com\/wp-content\/uploads\/2017\/02\/GettyImages-183815569-1024x768.jpg 1024w, https:\/\/dominternational.com\/wp-content\/uploads\/2017\/02\/GettyImages-183815569-300x225.jpg 300w, https:\/\/dominternational.com\/wp-content\/uploads\/2017\/02\/GettyImages-183815569-768x576.jpg 768w, https:\/\/dominternational.com\/wp-content\/uploads\/2017\/02\/GettyImages-183815569.jpg 1280w\" sizes=\"(max-width: 1024px) 100vw, 1024px\" \/>\t\t\t\t\t\t\t\t\t\t\t\t\t\t\t<\/div>\n\t\t\t\t<\/div>\n\t\t\t\t\t<\/div>\n\t\t<\/div>\n\t\t\t\t<div class=\"elementor-column elementor-col-50 elementor-top-column elementor-element elementor-element-7fxbk0t\" data-id=\"7fxbk0t\" data-element_type=\"column\" data-e-type=\"column\">\n\t\t\t<div class=\"elementor-widget-wrap elementor-element-populated\">\n\t\t\t\t\t\t<div class=\"elementor-element elementor-element-dsuq1db elementor-position-left icon-title elementor-vertical-align-top elementor-widget elementor-widget-image-box\" data-id=\"dsuq1db\" data-element_type=\"widget\" data-e-type=\"widget\" data-widget_type=\"image-box.default\">\n\t\t\t\t<div class=\"elementor-widget-container\">\n\t\t\t\t\t<div class=\"elementor-image-box-wrapper\"><figure class=\"elementor-image-box-img\"><img decoding=\"async\" width=\"60\" height=\"60\" src=\"https:\/\/dominternational.com\/wp-content\/uploads\/2017\/02\/DOM_Icon_NF.png\" class=\"attachment-full size-full wp-image-1232\" alt=\"\" \/><\/figure><div class=\"elementor-image-box-content\"><h3 class=\"elementor-image-box-title\">NORWEGIAN FJORD<\/h3><\/div><\/div>\t\t\t\t<\/div>\n\t\t\t\t<\/div>\n\t\t\t\t<div class=\"elementor-element elementor-element-64v0qns elementor-widget elementor-widget-text-editor\" data-id=\"64v0qns\" data-element_type=\"widget\" data-e-type=\"widget\" data-widget_type=\"text-editor.default\">\n\t\t\t\t<div class=\"elementor-widget-container\">\n\t\t\t\t\t\t\t\t\t<p>La Norv\u00e8ge jouit d\u2019une r\u00e9putation l\u00e9gendaire pour la qualit\u00e9 de son saumon. Durant des si\u00e8cles, ses c\u00f4tes accident\u00e9es et ses eaux pures et limpides aliment\u00e9es par les glaciers ont produit le poisson parmi le plus vibrant et le plus savoureux au monde. Avec Norwegian Fjord, la tradition reste bien vivante\u00a0: du saumon exceptionnel authentiquement scandinave de sources d\u2019approvisionnement responsables. R\u00e9ellement un \u00ab\u00a0cadeau des fjords\u00a0\u00bb.<\/p>\t\t\t\t\t\t\t\t<\/div>\n\t\t\t\t<\/div>\n\t\t\t\t<div class=\"elementor-element elementor-element-9zbejgv elementor-widget elementor-widget-button\" data-id=\"9zbejgv\" data-element_type=\"widget\" data-e-type=\"widget\" data-widget_type=\"button.default\">\n\t\t\t\t<div class=\"elementor-widget-container\">\n\t\t\t\t\t\t\t\t\t<div class=\"elementor-button-wrapper\">\n\t\t\t\t\t<a class=\"elementor-button elementor-button-link elementor-size-md\" href=\"\/fr\/ourseafood\/norwegian-fjord-fr\/\">\n\t\t\t\t\t\t<span class=\"elementor-button-content-wrapper\">\n\t\t\t\t\t\t\t\t\t<span class=\"elementor-button-text\">EXPLORER<\/span>\n\t\t\t\t\t<\/span>\n\t\t\t\t\t<\/a>\n\t\t\t\t<\/div>\n\t\t\t\t\t\t\t\t<\/div>\n\t\t\t\t<\/div>\n\t\t\t\t\t<\/div>\n\t\t<\/div>\n\t\t\t\t\t<\/div>\n\t\t<\/section>\n\t\t\t\t<section class=\"elementor-section elementor-top-section elementor-element elementor-element-7hv56mv elementor-reverse-mobile elementor-section-content-middle elementor-section-boxed elementor-section-height-default elementor-section-height-default\" data-id=\"7hv56mv\" data-element_type=\"section\" data-e-type=\"section\">\n\t\t\t\t\t\t<div class=\"elementor-container elementor-column-gap-default\">\n\t\t\t\t\t<div class=\"elementor-column elementor-col-50 elementor-top-column elementor-element elementor-element-o6ff7pb\" data-id=\"o6ff7pb\" data-element_type=\"column\" data-e-type=\"column\">\n\t\t\t<div class=\"elementor-widget-wrap elementor-element-populated\">\n\t\t\t\t\t\t<div class=\"elementor-element elementor-element-uzesoov elementor-position-left icon-title elementor-vertical-align-top elementor-widget elementor-widget-image-box\" data-id=\"uzesoov\" data-element_type=\"widget\" data-e-type=\"widget\" data-widget_type=\"image-box.default\">\n\t\t\t\t<div class=\"elementor-widget-container\">\n\t\t\t\t\t<div class=\"elementor-image-box-wrapper\"><figure class=\"elementor-image-box-img\"><img decoding=\"async\" width=\"60\" height=\"60\" src=\"https:\/\/dominternational.com\/wp-content\/uploads\/2017\/02\/DOM_Icon_Organics.png\" class=\"attachment-full size-full wp-image-1237\" alt=\"\" \/><\/figure><div class=\"elementor-image-box-content\"><h3 class=\"elementor-image-box-title\">DOM BIOLOGIQUES<\/h3><\/div><\/div>\t\t\t\t<\/div>\n\t\t\t\t<\/div>\n\t\t\t\t<div class=\"elementor-element elementor-element-v5wbzg8 elementor-widget elementor-widget-text-editor\" data-id=\"v5wbzg8\" data-element_type=\"widget\" data-e-type=\"widget\" data-widget_type=\"text-editor.default\">\n\t\t\t\t<div class=\"elementor-widget-container\">\n\t\t\t\t\t\t\t\t\t<p>La raison d\u2019\u00eatre de DOM Biologiques consiste \u00e0 prot\u00e9ger les \u00e9cosyst\u00e8mes, \u00e0 promouvoir la p\u00e9rennit\u00e9 des ressources et \u00e0 offrir des produits \u00e9lev\u00e9s en harmonie avec la nature. Les produits DOM Biologiques sont certifi\u00e9s biologiques par ECOCERT Canada et ne contiennent ni produits chimiques, ni agents de conservation, ni antibiotiques, ni hormones. La nourriture de nos poissons est biologique et sans OGM, et ils sont \u00e9lev\u00e9s dans des environnements \u00e0 faible densit\u00e9 o\u00f9 ils b\u00e9n\u00e9ficient de 60\u00a0% plus d\u2019eau par poisson. DOM Biologiques est notre fa\u00e7on de vous offrir des fruits de mer d\u2019une qualit\u00e9 exceptionnelle, associ\u00e9s \u00e0 un impact r\u00e9duit sur l\u2019environnement.<\/p>\t\t\t\t\t\t\t\t<\/div>\n\t\t\t\t<\/div>\n\t\t\t\t<div class=\"elementor-element elementor-element-7zy1i0j elementor-widget elementor-widget-button\" data-id=\"7zy1i0j\" data-element_type=\"widget\" data-e-type=\"widget\" data-widget_type=\"button.default\">\n\t\t\t\t<div class=\"elementor-widget-container\">\n\t\t\t\t\t\t\t\t\t<div class=\"elementor-button-wrapper\">\n\t\t\t\t\t<a class=\"elementor-button elementor-button-link elementor-size-md\" href=\"\/fr\/ourseafood\/biologiques\/?lang=fr\">\n\t\t\t\t\t\t<span class=\"elementor-button-content-wrapper\">\n\t\t\t\t\t\t\t\t\t<span class=\"elementor-button-text\">EXPLORER<\/span>\n\t\t\t\t\t<\/span>\n\t\t\t\t\t<\/a>\n\t\t\t\t<\/div>\n\t\t\t\t\t\t\t\t<\/div>\n\t\t\t\t<\/div>\n\t\t\t\t\t<\/div>\n\t\t<\/div>\n\t\t\t\t<div class=\"elementor-column elementor-col-50 elementor-top-column elementor-element elementor-element-uhwxc9o\" data-id=\"uhwxc9o\" data-element_type=\"column\" data-e-type=\"column\">\n\t\t\t<div class=\"elementor-widget-wrap elementor-element-populated\">\n\t\t\t\t\t\t<div class=\"elementor-element elementor-element-4vgxm43 elementor-widget elementor-widget-image\" data-id=\"4vgxm43\" data-element_type=\"widget\" data-e-type=\"widget\" data-widget_type=\"image.default\">\n\t\t\t\t<div class=\"elementor-widget-container\">\n\t\t\t\t\t\t\t\t\t\t\t\t\t\t\t<img loading=\"lazy\" decoding=\"async\" width=\"1024\" height=\"768\" src=\"https:\/\/dominternational.com\/wp-content\/uploads\/2017\/02\/DOMIntl_OurSeafood_Organics-1024x768.jpg\" class=\"attachment-large size-large wp-image-286\" alt=\"Salmon fillet with parsley, pepper and basil\" srcset=\"https:\/\/dominternational.com\/wp-content\/uploads\/2017\/02\/DOMIntl_OurSeafood_Organics-1024x768.jpg 1024w, https:\/\/dominternational.com\/wp-content\/uploads\/2017\/02\/DOMIntl_OurSeafood_Organics-300x225.jpg 300w, https:\/\/dominternational.com\/wp-content\/uploads\/2017\/02\/DOMIntl_OurSeafood_Organics-768x576.jpg 768w, https:\/\/dominternational.com\/wp-content\/uploads\/2017\/02\/DOMIntl_OurSeafood_Organics.jpg 1707w\" sizes=\"(max-width: 1024px) 100vw, 1024px\" \/>\t\t\t\t\t\t\t\t\t\t\t\t\t\t\t<\/div>\n\t\t\t\t<\/div>\n\t\t\t\t\t<\/div>\n\t\t<\/div>\n\t\t\t\t\t<\/div>\n\t\t<\/section>\n\t\t\t\t<section class=\"elementor-section elementor-top-section elementor-element elementor-element-cxvw8zx elementor-section-content-middle elementor-section-boxed elementor-section-height-default elementor-section-height-default\" data-id=\"cxvw8zx\" data-element_type=\"section\" data-e-type=\"section\">\n\t\t\t\t\t\t<div class=\"elementor-container elementor-column-gap-default\">\n\t\t\t\t\t<div class=\"elementor-column elementor-col-50 elementor-top-column elementor-element elementor-element-svahsai\" data-id=\"svahsai\" data-element_type=\"column\" data-e-type=\"column\">\n\t\t\t<div class=\"elementor-widget-wrap elementor-element-populated\">\n\t\t\t\t\t\t<div class=\"elementor-element elementor-element-8dcllt7 elementor-widget elementor-widget-image\" data-id=\"8dcllt7\" data-element_type=\"widget\" data-e-type=\"widget\" data-widget_type=\"image.default\">\n\t\t\t\t<div class=\"elementor-widget-container\">\n\t\t\t\t\t\t\t\t\t\t\t\t\t\t\t<img loading=\"lazy\" decoding=\"async\" width=\"1024\" height=\"726\" src=\"https:\/\/dominternational.com\/wp-content\/uploads\/2017\/02\/GettyImages-594462316-1024x726.jpg\" class=\"attachment-large size-large wp-image-251\" alt=\"cooked cedar planked salmon with lemon and dill meal\" srcset=\"https:\/\/dominternational.com\/wp-content\/uploads\/2017\/02\/GettyImages-594462316-1024x726.jpg 1024w, https:\/\/dominternational.com\/wp-content\/uploads\/2017\/02\/GettyImages-594462316-300x213.jpg 300w, https:\/\/dominternational.com\/wp-content\/uploads\/2017\/02\/GettyImages-594462316-768x544.jpg 768w, https:\/\/dominternational.com\/wp-content\/uploads\/2017\/02\/GettyImages-594462316.jpg 1806w\" sizes=\"(max-width: 1024px) 100vw, 1024px\" \/>\t\t\t\t\t\t\t\t\t\t\t\t\t\t\t<\/div>\n\t\t\t\t<\/div>\n\t\t\t\t\t<\/div>\n\t\t<\/div>\n\t\t\t\t<div class=\"elementor-column elementor-col-50 elementor-top-column elementor-element elementor-element-bogpx5h\" data-id=\"bogpx5h\" data-element_type=\"column\" data-e-type=\"column\">\n\t\t\t<div class=\"elementor-widget-wrap elementor-element-populated\">\n\t\t\t\t\t\t<div class=\"elementor-element elementor-element-o406v5o elementor-position-left icon-title elementor-vertical-align-top elementor-widget elementor-widget-image-box\" data-id=\"o406v5o\" data-element_type=\"widget\" data-e-type=\"widget\" data-widget_type=\"image-box.default\">\n\t\t\t\t<div class=\"elementor-widget-container\">\n\t\t\t\t\t<div class=\"elementor-image-box-wrapper\"><figure class=\"elementor-image-box-img\"><img loading=\"lazy\" decoding=\"async\" width=\"60\" height=\"60\" src=\"https:\/\/dominternational.com\/wp-content\/uploads\/2017\/02\/DOM_Icon_Reserve.png\" class=\"attachment-full size-full wp-image-1239\" alt=\"\" \/><\/figure><div class=\"elementor-image-box-content\"><h3 class=\"elementor-image-box-title\">DOM RESERVE<\/h3><\/div><\/div>\t\t\t\t<\/div>\n\t\t\t\t<\/div>\n\t\t\t\t<div class=\"elementor-element elementor-element-jh7e2dg elementor-widget elementor-widget-text-editor\" data-id=\"jh7e2dg\" data-element_type=\"widget\" data-e-type=\"widget\" data-widget_type=\"text-editor.default\">\n\t\t\t\t<div class=\"elementor-widget-container\">\n\t\t\t\t\t\t\t\t\t<p>Raffin\u00e9s, \u00e9l\u00e9gants et inspir\u00e9s par des chefs cuisiniers, les produits DOM\u00a0Reserve sont pr\u00eats \u00e0 servir ou \u00e0 cuire, et assaisonn\u00e9s ou fum\u00e9s \u00e0 la perfection. Pr\u00e9parez une soir\u00e9e sp\u00e9ciale, d\u00e9lectez vos invit\u00e9s ou rehaussez votre prochain repas, en toute simplicit\u00e9. De notre saumon pr\u00e9assaisonn\u00e9 sur planche de c\u00e8dre pr\u00e9tremp\u00e9e \u00e0 nos escargots au beurre \u00e0 l\u2019ail, avec DOM\u00a0Reserve le restaurant s\u2019invite dans votre cuisine.<\/p>\t\t\t\t\t\t\t\t<\/div>\n\t\t\t\t<\/div>\n\t\t\t\t<div class=\"elementor-element elementor-element-e4rwu09 elementor-widget elementor-widget-button\" data-id=\"e4rwu09\" data-element_type=\"widget\" data-e-type=\"widget\" data-widget_type=\"button.default\">\n\t\t\t\t<div class=\"elementor-widget-container\">\n\t\t\t\t\t\t\t\t\t<div class=\"elementor-button-wrapper\">\n\t\t\t\t\t<a class=\"elementor-button elementor-button-link elementor-size-md\" href=\"\/fr\/ourseafood\/reserve-fr\/\">\n\t\t\t\t\t\t<span class=\"elementor-button-content-wrapper\">\n\t\t\t\t\t\t\t\t\t<span class=\"elementor-button-text\">EXPLORER<\/span>\n\t\t\t\t\t<\/span>\n\t\t\t\t\t<\/a>\n\t\t\t\t<\/div>\n\t\t\t\t\t\t\t\t<\/div>\n\t\t\t\t<\/div>\n\t\t\t\t\t<\/div>\n\t\t<\/div>\n\t\t\t\t\t<\/div>\n\t\t<\/section>\n\t\t\t\t<section class=\"elementor-section elementor-top-section elementor-element elementor-element-qpdm7vw elementor-reverse-mobile elementor-section-content-middle elementor-section-boxed elementor-section-height-default elementor-section-height-default\" data-id=\"qpdm7vw\" data-element_type=\"section\" data-e-type=\"section\">\n\t\t\t\t\t\t<div class=\"elementor-container elementor-column-gap-default\">\n\t\t\t\t\t<div class=\"elementor-column elementor-col-50 elementor-top-column elementor-element elementor-element-ky69t5o\" data-id=\"ky69t5o\" data-element_type=\"column\" data-e-type=\"column\">\n\t\t\t<div class=\"elementor-widget-wrap elementor-element-populated\">\n\t\t\t\t\t\t<div class=\"elementor-element elementor-element-6v5m7q6 elementor-position-left icon-title elementor-vertical-align-top elementor-widget elementor-widget-image-box\" data-id=\"6v5m7q6\" data-element_type=\"widget\" data-e-type=\"widget\" data-widget_type=\"image-box.default\">\n\t\t\t\t<div class=\"elementor-widget-container\">\n\t\t\t\t\t<div class=\"elementor-image-box-wrapper\"><figure class=\"elementor-image-box-img\"><img loading=\"lazy\" decoding=\"async\" width=\"60\" height=\"60\" src=\"https:\/\/dominternational.com\/wp-content\/uploads\/2017\/02\/DOM_Icon_Specialty.png\" class=\"attachment-full size-full wp-image-1241\" alt=\"DOM Specialty\" \/><\/figure><div class=\"elementor-image-box-content\"><h3 class=\"elementor-image-box-title\">DOM SP\u00c9CIALIT\u00c9<\/h3><\/div><\/div>\t\t\t\t<\/div>\n\t\t\t\t<\/div>\n\t\t\t\t<div class=\"elementor-element elementor-element-z97za66 elementor-widget elementor-widget-text-editor\" data-id=\"z97za66\" data-element_type=\"widget\" data-e-type=\"widget\" data-widget_type=\"text-editor.default\">\n\t\t\t\t<div class=\"elementor-widget-container\">\n\t\t\t\t\t\t\t\t\t<p>Vous cherchez une id\u00e9e de d\u00eener toute simple? DOM Sp\u00e9cialit\u00e9 vous propose des portions de saumon emball\u00e9es individuellement. Elles sont parfaites pour le lunch des enfants, pour casser la cro\u00fbte en chemin vers le boulot, toujours pr\u00eates et \u00e0 port\u00e9e de main dans le cong\u00e9lateur. DOM Sp\u00e9cialit\u00e9, c\u2019est du saumon de qualit\u00e9, en provenance des eaux froides de l\u2019Atlantique Nord et du Pacifique, \u00e0 un prix de tous les jours. Optez pour DOM Sp\u00e9cialit\u00e9, votre choix sant\u00e9 et pr\u00eat \u00e0 servir.<\/p>\t\t\t\t\t\t\t\t<\/div>\n\t\t\t\t<\/div>\n\t\t\t\t<div class=\"elementor-element elementor-element-h4ubngs elementor-widget elementor-widget-button\" data-id=\"h4ubngs\" data-element_type=\"widget\" data-e-type=\"widget\" data-widget_type=\"button.default\">\n\t\t\t\t<div class=\"elementor-widget-container\">\n\t\t\t\t\t\t\t\t\t<div class=\"elementor-button-wrapper\">\n\t\t\t\t\t<a class=\"elementor-button elementor-button-link elementor-size-md\" href=\"\/fr\/ourseafood\/specialite\/\">\n\t\t\t\t\t\t<span class=\"elementor-button-content-wrapper\">\n\t\t\t\t\t\t\t\t\t<span class=\"elementor-button-text\">EXPLORER<\/span>\n\t\t\t\t\t<\/span>\n\t\t\t\t\t<\/a>\n\t\t\t\t<\/div>\n\t\t\t\t\t\t\t\t<\/div>\n\t\t\t\t<\/div>\n\t\t\t\t\t<\/div>\n\t\t<\/div>\n\t\t\t\t<div class=\"elementor-column elementor-col-50 elementor-top-column elementor-element elementor-element-bw407o2\" data-id=\"bw407o2\" data-element_type=\"column\" data-e-type=\"column\">\n\t\t\t<div class=\"elementor-widget-wrap elementor-element-populated\">\n\t\t\t\t\t\t<div class=\"elementor-element elementor-element-s7d79zp elementor-widget elementor-widget-image\" data-id=\"s7d79zp\" data-element_type=\"widget\" data-e-type=\"widget\" data-widget_type=\"image.default\">\n\t\t\t\t<div class=\"elementor-widget-container\">\n\t\t\t\t\t\t\t\t\t\t\t\t\t\t\t<img loading=\"lazy\" decoding=\"async\" width=\"1024\" height=\"682\" src=\"https:\/\/dominternational.com\/wp-content\/uploads\/2017\/02\/GettyImages-465412028-1-1024x682.jpg\" class=\"attachment-large size-large wp-image-252\" alt=\"DOM Specialty. Bagel with a smoked salmon and cream cheese\" srcset=\"https:\/\/dominternational.com\/wp-content\/uploads\/2017\/02\/GettyImages-465412028-1-1024x682.jpg 1024w, https:\/\/dominternational.com\/wp-content\/uploads\/2017\/02\/GettyImages-465412028-1-300x200.jpg 300w, https:\/\/dominternational.com\/wp-content\/uploads\/2017\/02\/GettyImages-465412028-1-768x512.jpg 768w, https:\/\/dominternational.com\/wp-content\/uploads\/2017\/02\/GettyImages-465412028-1.jpg 1280w\" sizes=\"(max-width: 1024px) 100vw, 1024px\" \/>\t\t\t\t\t\t\t\t\t\t\t\t\t\t\t<\/div>\n\t\t\t\t<\/div>\n\t\t\t\t\t<\/div>\n\t\t<\/div>\n\t\t\t\t\t<\/div>\n\t\t<\/section>\n\t\t\t\t<section class=\"elementor-section elementor-top-section elementor-element elementor-element-38q292h elementor-section-content-middle elementor-section-boxed elementor-section-height-default elementor-section-height-default\" data-id=\"38q292h\" data-element_type=\"section\" data-e-type=\"section\">\n\t\t\t\t\t\t<div class=\"elementor-container elementor-column-gap-default\">\n\t\t\t\t\t<div class=\"elementor-column elementor-col-100 elementor-top-column elementor-element elementor-element-qexu9oz\" data-id=\"qexu9oz\" data-element_type=\"column\" data-e-type=\"column\">\n\t\t\t<div class=\"elementor-widget-wrap elementor-element-populated\">\n\t\t\t\t\t\t<div class=\"elementor-element elementor-element-ilvkx73 elementor-arrows-position-outside elementor-pagination-position-outside elementor-widget elementor-widget-image-carousel\" data-id=\"ilvkx73\" data-element_type=\"widget\" data-e-type=\"widget\" data-settings=\"{&quot;navigation&quot;:&quot;both&quot;,&quot;autoplay&quot;:&quot;yes&quot;,&quot;pause_on_hover&quot;:&quot;yes&quot;,&quot;pause_on_interaction&quot;:&quot;yes&quot;,&quot;autoplay_speed&quot;:5000,&quot;infinite&quot;:&quot;yes&quot;,&quot;speed&quot;:500}\" data-widget_type=\"image-carousel.default\">\n\t\t\t\t<div class=\"elementor-widget-container\">\n\t\t\t\t\t\t\t<div class=\"elementor-image-carousel-wrapper swiper\" role=\"region\" aria-roledescription=\"carousel\" aria-label=\"Carrousel d\u2019images\" dir=\"ltr\">\n\t\t\t<div class=\"elementor-image-carousel swiper-wrapper\" aria-live=\"off\">\n\t\t\t\t\t\t\t\t<div class=\"swiper-slide\" role=\"group\" aria-roledescription=\"slide\" aria-label=\"1 sur 6\"><figure class=\"swiper-slide-inner\"><img decoding=\"async\" class=\"swiper-slide-image\" src=\"https:\/\/dominternational.com\/wp-content\/uploads\/2017\/02\/ASC_Logo_ENG_Landscape_OL.png\" alt=\"ASC Certified\" \/><\/figure><\/div><div class=\"swiper-slide\" role=\"group\" aria-roledescription=\"slide\" aria-label=\"2 sur 6\"><figure class=\"swiper-slide-inner\"><img decoding=\"async\" class=\"swiper-slide-image\" src=\"https:\/\/dominternational.com\/wp-content\/uploads\/2017\/02\/BRC-copy.jpg\" alt=\"BRC Food Certified\" \/><\/figure><\/div><div class=\"swiper-slide\" role=\"group\" aria-roledescription=\"slide\" aria-label=\"3 sur 6\"><figure class=\"swiper-slide-inner\"><img decoding=\"async\" class=\"swiper-slide-image\" src=\"https:\/\/dominternational.com\/wp-content\/uploads\/2017\/02\/ECOCERT-CANADA_ICON_P.png\" alt=\"Ecocert Canada Certified\" \/><\/figure><\/div><div class=\"swiper-slide\" role=\"group\" aria-roledescription=\"slide\" aria-label=\"4 sur 6\"><figure class=\"swiper-slide-inner\"><img decoding=\"async\" class=\"swiper-slide-image\" src=\"https:\/\/dominternational.com\/wp-content\/uploads\/2017\/02\/Kosher_U_COL_P.png\" alt=\"Kosher Certified\" \/><\/figure><\/div><div class=\"swiper-slide\" role=\"group\" aria-roledescription=\"slide\" aria-label=\"5 sur 6\"><figure class=\"swiper-slide-inner\"><img decoding=\"async\" class=\"swiper-slide-image\" src=\"https:\/\/dominternational.com\/wp-content\/uploads\/2017\/02\/MSC_Logos_ENG_Landscape_PMS_OL.png\" alt=\"MSC Certified\" \/><\/figure><\/div><div class=\"swiper-slide\" role=\"group\" aria-roledescription=\"slide\" aria-label=\"6 sur 6\"><figure class=\"swiper-slide-inner\"><img decoding=\"async\" class=\"swiper-slide-image\" src=\"https:\/\/dominternational.com\/wp-content\/uploads\/2017\/02\/OceanWise_COL_P.png\" alt=\"OceanWise Recommended\" \/><\/figure><\/div>\t\t\t<\/div>\n\t\t\t\t\t\t\t\t\t\t\t\t<div class=\"elementor-swiper-button elementor-swiper-button-prev\" role=\"button\" tabindex=\"0\">\n\t\t\t\t\t\t<i aria-hidden=\"true\" class=\"eicon-chevron-left\"><\/i>\t\t\t\t\t<\/div>\n\t\t\t\t\t<div class=\"elementor-swiper-button elementor-swiper-button-next\" role=\"button\" tabindex=\"0\">\n\t\t\t\t\t\t<i aria-hidden=\"true\" class=\"eicon-chevron-right\"><\/i>\t\t\t\t\t<\/div>\n\t\t\t\t\n\t\t\t\t\t\t\t\t\t<div class=\"swiper-pagination\"><\/div>\n\t\t\t\t\t\t\t\t\t<\/div>\n\t\t\t\t\t\t<\/div>\n\t\t\t\t<\/div>\n\t\t\t\t\t<\/div>\n\t\t<\/div>\n\t\t\t\t\t<\/div>\n\t\t<\/section>\n\t\t\t\t<\/div>\n\t\t","protected":false},"excerpt":{"rendered":"<p>LES PRODUITS DE LA MER DOM Servir les meilleurs fruits de mer \u00e0 votre table est notre passion. Dans la recherche de sources d\u2019approvisionnement pour nos fruits de mer, nous nous int\u00e9ressons aux m\u00e9thodes de p\u00eache, mais aussi au go\u00fbt du produit, \u00e0 son apparence et aux m\u00e9thodes de transport. C\u2019est pourquoi nous nous faisons<\/p>\n","protected":false},"author":2,"featured_media":1822,"parent":0,"menu_order":0,"comment_status":"closed","ping_status":"closed","template":"","meta":{"_acf_changed":false,"inline_featured_image":false,"footnotes":""},"class_list":["post-1270","page","type-page","status-publish","has-post-thumbnail","hentry"],"acf":[],"_links":{"self":[{"href":"https:\/\/dominternational.com\/fr\/wp-json\/wp\/v2\/pages\/1270","targetHints":{"allow":["GET"]}}],"collection":[{"href":"https:\/\/dominternational.com\/fr\/wp-json\/wp\/v2\/pages"}],"about":[{"href":"https:\/\/dominternational.com\/fr\/wp-json\/wp\/v2\/types\/page"}],"author":[{"embeddable":true,"href":"https:\/\/dominternational.com\/fr\/wp-json\/wp\/v2\/users\/2"}],"replies":[{"embeddable":true,"href":"https:\/\/dominternational.com\/fr\/wp-json\/wp\/v2\/comments?post=1270"}],"version-history":[{"count":2,"href":"https:\/\/dominternational.com\/fr\/wp-json\/wp\/v2\/pages\/1270\/revisions"}],"predecessor-version":[{"id":1780,"href":"https:\/\/dominternational.com\/fr\/wp-json\/wp\/v2\/pages\/1270\/revisions\/1780"}],"wp:featuredmedia":[{"embeddable":true,"href":"https:\/\/dominternational.com\/fr\/wp-json\/wp\/v2\/media\/1822"}],"wp:attachment":[{"href":"https:\/\/dominternational.com\/fr\/wp-json\/wp\/v2\/media?parent=1270"}],"curies":[{"name":"wp","href":"https:\/\/api.w.org\/{rel}","templated":true}]}}