{"id":1320,"date":"2017-06-01T16:41:18","date_gmt":"2017-06-01T20:41:18","guid":{"rendered":"http:\/\/dom.lux9.com\/trouver-les-produits-dom\/"},"modified":"2017-06-13T14:50:33","modified_gmt":"2017-06-13T18:50:33","slug":"trouver-les-produits-dom","status":"publish","type":"page","link":"https:\/\/dominternational.com\/fr\/trouver-les-produits-dom\/","title":{"rendered":"TROUVER LES PRODUITS DOM"},"content":{"rendered":"\t\t<div data-elementor-type=\"wp-post\" data-elementor-id=\"1320\" class=\"elementor elementor-1320\">\n\t\t\t\t\t\t<section class=\"elementor-section elementor-top-section elementor-element elementor-element-wtykwqj elementor-section-boxed elementor-section-height-default elementor-section-height-default\" data-id=\"wtykwqj\" data-element_type=\"section\" data-e-type=\"section\">\n\t\t\t\t\t\t<div class=\"elementor-container elementor-column-gap-default\">\n\t\t\t\t\t<div class=\"elementor-column elementor-col-100 elementor-top-column elementor-element elementor-element-suvxiuo\" data-id=\"suvxiuo\" data-element_type=\"column\" data-e-type=\"column\">\n\t\t\t<div class=\"elementor-widget-wrap elementor-element-populated\">\n\t\t\t\t\t\t<div class=\"elementor-element elementor-element-pcmvlyg elementor-widget elementor-widget-text-editor\" data-id=\"pcmvlyg\" data-element_type=\"widget\" data-e-type=\"widget\" data-widget_type=\"text-editor.default\">\n\t\t\t\t<div class=\"elementor-widget-container\">\n\t\t\t\t\t\t\t\t\t<h2>LA LISTE DE NOS D\u00c9TAILLANTS<\/h2><p>\u00a0<\/p>\t\t\t\t\t\t\t\t<\/div>\n\t\t\t\t<\/div>\n\t\t\t\t\t<\/div>\n\t\t<\/div>\n\t\t\t\t\t<\/div>\n\t\t<\/section>\n\t\t\t\t<section class=\"elementor-section elementor-top-section elementor-element elementor-element-ezoadi8 elementor-section-boxed elementor-section-height-default elementor-section-height-default\" data-id=\"ezoadi8\" data-element_type=\"section\" data-e-type=\"section\">\n\t\t\t\t\t\t<div class=\"elementor-container elementor-column-gap-default\">\n\t\t\t\t\t<div class=\"elementor-column elementor-col-50 elementor-top-column elementor-element elementor-element-9hvqhuz\" data-id=\"9hvqhuz\" data-element_type=\"column\" data-e-type=\"column\">\n\t\t\t<div class=\"elementor-widget-wrap elementor-element-populated\">\n\t\t\t\t\t\t<div class=\"elementor-element elementor-element-lisqj0n elementor-widget elementor-widget-text-editor\" data-id=\"lisqj0n\" data-element_type=\"widget\" data-e-type=\"widget\" data-widget_type=\"text-editor.default\">\n\t\t\t\t<div class=\"elementor-widget-container\">\n\t\t\t\t\t\t\t\t\t<p><a href=\"http:\/\/www.longos.com\" target=\"_blank\" rel=\"noopener noreferrer\">Longo\u2019s<\/a><\/p><p><a href=\"http:\/\/www.metro.ca\" target=\"_blank\" rel=\"noopener noreferrer\">Metro<\/a><\/p><p><a href=\"http:\/\/www.foodbasics.ca\" target=\"_blank\" rel=\"noopener noreferrer\">Food Basics<\/a><\/p><p><a href=\"http:\/\/www.freshco.com\" target=\"_blank\" rel=\"noopener noreferrer\">FreshCo<\/a><\/p><p><a href=\"http:\/\/www.loblaws.ca\" target=\"_blank\" rel=\"noopener noreferrer\">Loblaws<\/a><\/p><p><a href=\"http:\/\/www.realcanadiansuperstore.ca\" target=\"_blank\" rel=\"noopener noreferrer\">Real Canadian Superstore<\/a><\/p><p><a href=\"http:\/\/www.nofrills.ca\" target=\"_blank\" rel=\"noopener noreferrer\">No Frills<\/a><\/p><p><a href=\"http:\/\/www.shoppersdrugmart.ca\" target=\"_blank\" rel=\"noopener noreferrer\">Shoppers Drug Mart<\/a><\/p>\t\t\t\t\t\t\t\t<\/div>\n\t\t\t\t<\/div>\n\t\t\t\t\t<\/div>\n\t\t<\/div>\n\t\t\t\t<div class=\"elementor-column elementor-col-50 elementor-top-column elementor-element elementor-element-8b61i4o\" data-id=\"8b61i4o\" data-element_type=\"column\" data-e-type=\"column\">\n\t\t\t<div class=\"elementor-widget-wrap elementor-element-populated\">\n\t\t\t\t\t\t<div class=\"elementor-element elementor-element-49pksce elementor-widget elementor-widget-text-editor\" data-id=\"49pksce\" data-element_type=\"widget\" data-e-type=\"widget\" data-widget_type=\"text-editor.default\">\n\t\t\t\t<div class=\"elementor-widget-container\">\n\t\t\t\t\t\t\t\t\t<p><a href=\"http:\/\/www.costco.ca\" target=\"_blank\" rel=\"noopener noreferrer\">Costco<\/a><\/p><p><a href=\"http:\/\/www.sobeys.com\" target=\"_blank\" rel=\"noopener noreferrer\">Sobeys<\/a><\/p><p><a href=\"http:\/\/www.pasquier.qc.ca\" target=\"_blank\" rel=\"noopener noreferrer\">Pasquier<\/a><\/p><p><a href=\"http:\/\/www.avril.ca\" target=\"_blank\" rel=\"noopener noreferrer\">Avril Supermarch\u00e9 Sant\u00e9<\/a><\/p><p><a href=\"http:\/\/www.rachellebery.ca\" target=\"_blank\" rel=\"noopener noreferrer\">Rachelle B\u00e9ry<\/a><\/p><p><a href=\"http:\/\/www.marchestau.com\" target=\"_blank\" rel=\"noopener noreferrer\">March\u00e9s Tau<\/a><\/p><p><a href=\"http:\/\/www.highlandfarms.ca\" target=\"_blank\" rel=\"noopener noreferrer\">Highland Farms<\/a><\/p><p><a href=\"http:\/\/montreal.lufa.com\" target=\"_blank\" rel=\"noopener noreferrer\">Lufa Farms<\/a><\/p><p><a href=\"http:\/\/www.odessapoissonnier.com\" target=\"_blank\" rel=\"noopener noreferrer\">Odessa Poissonnier<\/a><\/p><p>\u00a0<\/p><p>\u00a0<\/p><p>\u00a0<\/p><p>\u00a0<\/p>\t\t\t\t\t\t\t\t<\/div>\n\t\t\t\t<\/div>\n\t\t\t\t\t<\/div>\n\t\t<\/div>\n\t\t\t\t\t<\/div>\n\t\t<\/section>\n\t\t\t\t<\/div>\n\t\t","protected":false},"excerpt":{"rendered":"<p>LA LISTE DE NOS D\u00c9TAILLANTS &nbsp; Longo\u2019s Metro Food Basics FreshCo Loblaws Real Canadian Superstore No Frills Shoppers Drug Mart Costco Sobeys Pasquier Avril Supermarch\u00e9 Sant\u00e9 Rachelle B\u00e9ry March\u00e9s Tau Highland Farms Lufa Farms Odessa Poissonnier &nbsp; &nbsp; &nbsp; &nbsp;<\/p>\n","protected":false},"author":2,"featured_media":1816,"parent":0,"menu_order":0,"comment_status":"closed","ping_status":"closed","template":"","meta":{"_acf_changed":false,"inline_featured_image":false,"footnotes":""},"class_list":["post-1320","page","type-page","status-publish","has-post-thumbnail","hentry"],"acf":[],"_links":{"self":[{"href":"https:\/\/dominternational.com\/fr\/wp-json\/wp\/v2\/pages\/1320","targetHints":{"allow":["GET"]}}],"collection":[{"href":"https:\/\/dominternational.com\/fr\/wp-json\/wp\/v2\/pages"}],"about":[{"href":"https:\/\/dominternational.com\/fr\/wp-json\/wp\/v2\/types\/page"}],"author":[{"embeddable":true,"href":"https:\/\/dominternational.com\/fr\/wp-json\/wp\/v2\/users\/2"}],"replies":[{"embeddable":true,"href":"https:\/\/dominternational.com\/fr\/wp-json\/wp\/v2\/comments?post=1320"}],"version-history":[{"count":0,"href":"https:\/\/dominternational.com\/fr\/wp-json\/wp\/v2\/pages\/1320\/revisions"}],"wp:featuredmedia":[{"embeddable":true,"href":"https:\/\/dominternational.com\/fr\/wp-json\/wp\/v2\/media\/1816"}],"wp:attachment":[{"href":"https:\/\/dominternational.com\/fr\/wp-json\/wp\/v2\/media?parent=1320"}],"curies":[{"name":"wp","href":"https:\/\/api.w.org\/{rel}","templated":true}]}}