{"id":1754,"date":"2017-02-22T14:06:34","date_gmt":"2017-02-22T14:06:34","guid":{"rendered":"http:\/\/domdev.lux9.com\/?page_id=1754\/"},"modified":"2017-06-19T15:07:19","modified_gmt":"2017-06-19T19:07:19","slug":"notre-histoire","status":"publish","type":"page","link":"https:\/\/dominternational.com\/fr\/notre-histoire\/","title":{"rendered":"Notre Histoire"},"content":{"rendered":"\t\t<div data-elementor-type=\"wp-post\" data-elementor-id=\"1754\" class=\"elementor elementor-1754\">\n\t\t\t\t\t\t<section class=\"elementor-section elementor-top-section elementor-element elementor-element-betbvwg elementor-section-full_width elementor-reverse-mobile elementor-section-stretched elementor-section-height-default elementor-section-height-default\" data-id=\"betbvwg\" data-element_type=\"section\" data-e-type=\"section\" data-settings=\"{&quot;stretch_section&quot;:&quot;section-stretched&quot;}\">\n\t\t\t\t\t\t<div class=\"elementor-container elementor-column-gap-no\">\n\t\t\t\t\t<div class=\"elementor-column elementor-col-50 elementor-top-column elementor-element elementor-element-hlljrnh\" data-id=\"hlljrnh\" data-element_type=\"column\" data-e-type=\"column\">\n\t\t\t<div class=\"elementor-widget-wrap elementor-element-populated\">\n\t\t\t\t\t\t<div class=\"elementor-element elementor-element-zipfjzh golden-divider elementor-widget elementor-widget-text-editor\" data-id=\"zipfjzh\" data-element_type=\"widget\" data-e-type=\"widget\" data-widget_type=\"text-editor.default\">\n\t\t\t\t<div class=\"elementor-widget-container\">\n\t\t\t\t\t\t\t\t\t<h2>NOTRE HISTOIRE<\/h2><p>Il y a plus de vingt-cinq ans de cela, DOM International d\u00e9barquait en Norv\u00e8ge dans sa qu\u00eate pour proposer \u00e0 ses consommateurs canadiens le meilleur saumon au monde. L\u2019air \u00e9tait frais et vif, et les eaux bleues aliment\u00e9es par les glaciers \u00e9taient entour\u00e9es des montagnes qui cr\u00e9aient les fjords.<\/p><p>Durant des g\u00e9n\u00e9rations, ces eaux froides et limpides ont donn\u00e9 naissance \u00e0 certains des poissons les plus savoureux sur la plan\u00e8te. Nous honorons des traditions de p\u00eache norv\u00e9giennes en transposant <a href=\"\/fr\/a-table\/\">de notre table \u00e0 la v\u00f4tre<\/a> des produits de la mer d\u2019une qualit\u00e9 exceptionnelle. C\u2019est l\u00e0 que notre histoire a commenc\u00e9.<\/p><div id=\"webpki_lacunasoftware_com\" class=\"webpki_lacunasoftware_com\" style=\"display: none;\">\u00a0<\/div><div id=\"webpki_lacunasoftware_com\" class=\"webpki_lacunasoftware_com\" style=\"display: none;\">\u00a0<\/div><div id=\"webpki_lacunasoftware_com\" class=\"webpki_lacunasoftware_com\" style=\"display: none;\">\u00a0<\/div><div id=\"webpki_lacunasoftware_com\" class=\"webpki_lacunasoftware_com\" style=\"display: none;\">\u00a0<\/div>\t\t\t\t\t\t\t\t<\/div>\n\t\t\t\t<\/div>\n\t\t\t\t\t<\/div>\n\t\t<\/div>\n\t\t\t\t<div class=\"elementor-column elementor-col-50 elementor-top-column elementor-element elementor-element-tjzlvzn\" data-id=\"tjzlvzn\" data-element_type=\"column\" data-e-type=\"column\">\n\t\t\t<div class=\"elementor-widget-wrap elementor-element-populated\">\n\t\t\t\t\t\t<div class=\"elementor-element elementor-element-ukaqbbd elementor-widget elementor-widget-image\" data-id=\"ukaqbbd\" data-element_type=\"widget\" data-e-type=\"widget\" data-widget_type=\"image.default\">\n\t\t\t\t<div class=\"elementor-widget-container\">\n\t\t\t\t\t\t\t\t\t\t\t\t\t\t\t<img fetchpriority=\"high\" decoding=\"async\" width=\"1024\" height=\"576\" src=\"https:\/\/dominternational.com\/wp-content\/uploads\/2017\/02\/GettyImages-639427760_OurStory-1024x576.jpg\" class=\"attachment-large size-large wp-image-271\" alt=\"The bow of a cruise ship navigating through the Norwegian Fjords. Small villages are visible along the water, and mountains surround are on both sides.\" srcset=\"https:\/\/dominternational.com\/wp-content\/uploads\/2017\/02\/GettyImages-639427760_OurStory-1024x576.jpg 1024w, https:\/\/dominternational.com\/wp-content\/uploads\/2017\/02\/GettyImages-639427760_OurStory-300x169.jpg 300w, https:\/\/dominternational.com\/wp-content\/uploads\/2017\/02\/GettyImages-639427760_OurStory-768x432.jpg 768w, https:\/\/dominternational.com\/wp-content\/uploads\/2017\/02\/GettyImages-639427760_OurStory.jpg 1820w\" sizes=\"(max-width: 1024px) 100vw, 1024px\" \/>\t\t\t\t\t\t\t\t\t\t\t\t\t\t\t<\/div>\n\t\t\t\t<\/div>\n\t\t\t\t\t<\/div>\n\t\t<\/div>\n\t\t\t\t\t<\/div>\n\t\t<\/section>\n\t\t\t\t<section class=\"elementor-section elementor-top-section elementor-element elementor-element-gzibbrm elementor-section-stretched elementor-section-boxed elementor-section-height-default elementor-section-height-default\" data-id=\"gzibbrm\" data-element_type=\"section\" data-e-type=\"section\" data-settings=\"{&quot;stretch_section&quot;:&quot;section-stretched&quot;,&quot;background_background&quot;:&quot;classic&quot;}\">\n\t\t\t\t\t\t<div class=\"elementor-container elementor-column-gap-default\">\n\t\t\t\t\t<div class=\"elementor-column elementor-col-100 elementor-top-column elementor-element elementor-element-uktjssx\" data-id=\"uktjssx\" data-element_type=\"column\" data-e-type=\"column\">\n\t\t\t<div class=\"elementor-widget-wrap elementor-element-populated\">\n\t\t\t\t\t\t<div class=\"elementor-element elementor-element-gfskyop elementor-widget elementor-widget-text-editor\" data-id=\"gfskyop\" data-element_type=\"widget\" data-e-type=\"widget\" data-widget_type=\"text-editor.default\">\n\t\t\t\t<div class=\"elementor-widget-container\">\n\t\t\t\t\t\t\t\t\t<h2 class=\"white-divider\"><span style=\"color: #ffffff;\">NOTRE P\u00c9RIPLE<\/span><\/h2>\n\t\t\t\t\t\t\t\t<\/div>\n\t\t\t\t<\/div>\n\t\t\t\t\t<\/div>\n\t\t<\/div>\n\t\t\t\t\t<\/div>\n\t\t<\/section>\n\t\t\t\t<section class=\"elementor-section elementor-top-section elementor-element elementor-element-rpbvfwr counters elementor-section-stretched elementor-section-boxed elementor-section-height-default elementor-section-height-default\" data-id=\"rpbvfwr\" data-element_type=\"section\" data-e-type=\"section\" data-settings=\"{&quot;background_background&quot;:&quot;classic&quot;,&quot;stretch_section&quot;:&quot;section-stretched&quot;}\">\n\t\t\t\t\t\t<div class=\"elementor-container elementor-column-gap-default\">\n\t\t\t\t\t<div class=\"elementor-column elementor-col-25 elementor-top-column elementor-element elementor-element-atlxogf\" data-id=\"atlxogf\" data-element_type=\"column\" data-e-type=\"column\">\n\t\t\t<div class=\"elementor-widget-wrap elementor-element-populated\">\n\t\t\t\t\t\t<div class=\"elementor-element elementor-element-vdaprhw elementor-view-default elementor-widget elementor-widget-icon\" data-id=\"vdaprhw\" data-element_type=\"widget\" data-e-type=\"widget\" data-widget_type=\"icon.default\">\n\t\t\t\t<div class=\"elementor-widget-container\">\n\t\t\t\t\t\t\t<div class=\"elementor-icon-wrapper\">\n\t\t\t<div class=\"elementor-icon\">\n\t\t\t\t\t\t\t<i class=\"fa fa-cutlery\" aria-hidden=\"true\"><\/i>\n\t\t\t\t\t\t<\/div>\n\t\t<\/div>\n\t\t\t\t\t\t<\/div>\n\t\t\t\t<\/div>\n\t\t\t\t<div class=\"elementor-element elementor-element-zzxtyee elementor-widget elementor-widget-counter\" data-id=\"zzxtyee\" data-element_type=\"widget\" data-e-type=\"widget\" data-widget_type=\"counter.default\">\n\t\t\t\t<div class=\"elementor-widget-container\">\n\t\t\t\t\t\t\t<div class=\"elementor-counter\">\n\t\t\t<div class=\"elementor-counter-title\">Repas \u00e0 base de saumon ont \u00e9t\u00e9 go\u00fbt\u00e9s et savour\u00e9s... \u00e0 quelques-uns pr\u00e8s<\/div>\t\t\t<div class=\"elementor-counter-number-wrapper\">\n\t\t\t\t<span class=\"elementor-counter-number-prefix\"><\/span>\n\t\t\t\t<span class=\"elementor-counter-number\" data-duration=\"2000\" data-to-value=\"5600\" data-from-value=\"\" data-delimiter=\",\"><\/span>\n\t\t\t\t<span class=\"elementor-counter-number-suffix\"><\/span>\n\t\t\t<\/div>\n\t\t<\/div>\n\t\t\t\t\t\t<\/div>\n\t\t\t\t<\/div>\n\t\t\t\t\t<\/div>\n\t\t<\/div>\n\t\t\t\t<div class=\"elementor-column elementor-col-25 elementor-top-column elementor-element elementor-element-hhxcial\" data-id=\"hhxcial\" data-element_type=\"column\" data-e-type=\"column\">\n\t\t\t<div class=\"elementor-widget-wrap elementor-element-populated\">\n\t\t\t\t\t\t<div class=\"elementor-element elementor-element-zqjyupb elementor-view-default elementor-widget elementor-widget-icon\" data-id=\"zqjyupb\" data-element_type=\"widget\" data-e-type=\"widget\" data-widget_type=\"icon.default\">\n\t\t\t\t<div class=\"elementor-widget-container\">\n\t\t\t\t\t\t\t<div class=\"elementor-icon-wrapper\">\n\t\t\t<div class=\"elementor-icon\">\n\t\t\t\t\t\t\t<i class=\"fa fa-anchor\" aria-hidden=\"true\"><\/i>\n\t\t\t\t\t\t<\/div>\n\t\t<\/div>\n\t\t\t\t\t\t<\/div>\n\t\t\t\t<\/div>\n\t\t\t\t<div class=\"elementor-element elementor-element-tfdjweo elementor-widget elementor-widget-counter\" data-id=\"tfdjweo\" data-element_type=\"widget\" data-e-type=\"widget\" data-widget_type=\"counter.default\">\n\t\t\t\t<div class=\"elementor-widget-container\">\n\t\t\t\t\t\t\t<div class=\"elementor-counter\">\n\t\t\t<div class=\"elementor-counter-title\">Bateaux, embarcations et pousse-pousse nous ont propuls\u00e9s<\/div>\t\t\t<div class=\"elementor-counter-number-wrapper\">\n\t\t\t\t<span class=\"elementor-counter-number-prefix\"><\/span>\n\t\t\t\t<span class=\"elementor-counter-number\" data-duration=\"2000\" data-to-value=\"16\" data-from-value=\"\" data-delimiter=\",\"><\/span>\n\t\t\t\t<span class=\"elementor-counter-number-suffix\"><\/span>\n\t\t\t<\/div>\n\t\t<\/div>\n\t\t\t\t\t\t<\/div>\n\t\t\t\t<\/div>\n\t\t\t\t\t<\/div>\n\t\t<\/div>\n\t\t\t\t<div class=\"elementor-column elementor-col-25 elementor-top-column elementor-element elementor-element-vkwrgyx\" data-id=\"vkwrgyx\" data-element_type=\"column\" data-e-type=\"column\">\n\t\t\t<div class=\"elementor-widget-wrap elementor-element-populated\">\n\t\t\t\t\t\t<div class=\"elementor-element elementor-element-nobixhf elementor-view-default elementor-widget elementor-widget-icon\" data-id=\"nobixhf\" data-element_type=\"widget\" data-e-type=\"widget\" data-widget_type=\"icon.default\">\n\t\t\t\t<div class=\"elementor-widget-container\">\n\t\t\t\t\t\t\t<div class=\"elementor-icon-wrapper\">\n\t\t\t<div class=\"elementor-icon\">\n\t\t\t\t\t\t\t<i class=\"fa fa-plane\" aria-hidden=\"true\"><\/i>\n\t\t\t\t\t\t<\/div>\n\t\t<\/div>\n\t\t\t\t\t\t<\/div>\n\t\t\t\t<\/div>\n\t\t\t\t<div class=\"elementor-element elementor-element-lwoxrrv elementor-widget elementor-widget-counter\" data-id=\"lwoxrrv\" data-element_type=\"widget\" data-e-type=\"widget\" data-widget_type=\"counter.default\">\n\t\t\t\t<div class=\"elementor-widget-container\">\n\t\t\t\t\t\t\t<div class=\"elementor-counter\">\n\t\t\t<div class=\"elementor-counter-title\">Pays ont \u00e9t\u00e9 visit\u00e9s aux quatre coins du monde<\/div>\t\t\t<div class=\"elementor-counter-number-wrapper\">\n\t\t\t\t<span class=\"elementor-counter-number-prefix\"><\/span>\n\t\t\t\t<span class=\"elementor-counter-number\" data-duration=\"2000\" data-to-value=\"32\" data-from-value=\"\" data-delimiter=\",\"><\/span>\n\t\t\t\t<span class=\"elementor-counter-number-suffix\"><\/span>\n\t\t\t<\/div>\n\t\t<\/div>\n\t\t\t\t\t\t<\/div>\n\t\t\t\t<\/div>\n\t\t\t\t\t<\/div>\n\t\t<\/div>\n\t\t\t\t<div class=\"elementor-column elementor-col-25 elementor-top-column elementor-element elementor-element-gmslbrn\" data-id=\"gmslbrn\" data-element_type=\"column\" data-e-type=\"column\">\n\t\t\t<div class=\"elementor-widget-wrap elementor-element-populated\">\n\t\t\t\t\t\t<div class=\"elementor-element elementor-element-uabfbgh elementor-view-default elementor-widget elementor-widget-icon\" data-id=\"uabfbgh\" data-element_type=\"widget\" data-e-type=\"widget\" data-widget_type=\"icon.default\">\n\t\t\t\t<div class=\"elementor-widget-container\">\n\t\t\t\t\t\t\t<div class=\"elementor-icon-wrapper\">\n\t\t\t<div class=\"elementor-icon\">\n\t\t\t\t\t\t\t<i class=\"fa fa-globe\" aria-hidden=\"true\"><\/i>\n\t\t\t\t\t\t<\/div>\n\t\t<\/div>\n\t\t\t\t\t\t<\/div>\n\t\t\t\t<\/div>\n\t\t\t\t<div class=\"elementor-element elementor-element-ejtxzls elementor-widget elementor-widget-counter\" data-id=\"ejtxzls\" data-element_type=\"widget\" data-e-type=\"widget\" data-widget_type=\"counter.default\">\n\t\t\t\t<div class=\"elementor-widget-container\">\n\t\t\t\t\t\t\t<div class=\"elementor-counter\">\n\t\t\t<div class=\"elementor-counter-title\">Paires de chaussures de marche ont \u00e9t\u00e9 us\u00e9es<\/div>\t\t\t<div class=\"elementor-counter-number-wrapper\">\n\t\t\t\t<span class=\"elementor-counter-number-prefix\"><\/span>\n\t\t\t\t<span class=\"elementor-counter-number\" data-duration=\"2000\" data-to-value=\"20\" data-from-value=\"\" data-delimiter=\",\"><\/span>\n\t\t\t\t<span class=\"elementor-counter-number-suffix\"><\/span>\n\t\t\t<\/div>\n\t\t<\/div>\n\t\t\t\t\t\t<\/div>\n\t\t\t\t<\/div>\n\t\t\t\t\t<\/div>\n\t\t<\/div>\n\t\t\t\t\t<\/div>\n\t\t<\/section>\n\t\t\t\t<section class=\"elementor-section elementor-top-section elementor-element elementor-element-xcebawc elementor-section-full_width elementor-section-stretched elementor-section-height-default elementor-section-height-default\" data-id=\"xcebawc\" data-element_type=\"section\" data-e-type=\"section\" data-settings=\"{&quot;background_background&quot;:&quot;classic&quot;,&quot;stretch_section&quot;:&quot;section-stretched&quot;}\">\n\t\t\t\t\t\t<div class=\"elementor-container elementor-column-gap-no\">\n\t\t\t\t\t<div class=\"elementor-column elementor-col-50 elementor-top-column elementor-element elementor-element-bsyfjcu\" data-id=\"bsyfjcu\" data-element_type=\"column\" data-e-type=\"column\">\n\t\t\t<div class=\"elementor-widget-wrap elementor-element-populated\">\n\t\t\t\t\t\t<div class=\"elementor-element elementor-element-rtnvqyr elementor-widget elementor-widget-image\" data-id=\"rtnvqyr\" data-element_type=\"widget\" data-e-type=\"widget\" data-widget_type=\"image.default\">\n\t\t\t\t<div class=\"elementor-widget-container\">\n\t\t\t\t\t\t\t\t\t\t\t\t\t\t\t<img decoding=\"async\" width=\"1024\" height=\"858\" src=\"https:\/\/dominternational.com\/wp-content\/uploads\/2017\/02\/GettyImages-185092187-1024x858.jpg\" class=\"attachment-large size-large wp-image-273\" alt=\"Hands in the clean, blue ocean waters. Sustainable fishing\" srcset=\"https:\/\/dominternational.com\/wp-content\/uploads\/2017\/02\/GettyImages-185092187-1024x858.jpg 1024w, https:\/\/dominternational.com\/wp-content\/uploads\/2017\/02\/GettyImages-185092187-300x251.jpg 300w, https:\/\/dominternational.com\/wp-content\/uploads\/2017\/02\/GettyImages-185092187-768x644.jpg 768w, https:\/\/dominternational.com\/wp-content\/uploads\/2017\/02\/GettyImages-185092187.jpg 1222w\" sizes=\"(max-width: 1024px) 100vw, 1024px\" \/>\t\t\t\t\t\t\t\t\t\t\t\t\t\t\t<\/div>\n\t\t\t\t<\/div>\n\t\t\t\t\t<\/div>\n\t\t<\/div>\n\t\t\t\t<div class=\"elementor-column elementor-col-50 elementor-top-column elementor-element elementor-element-webomxv\" data-id=\"webomxv\" data-element_type=\"column\" data-e-type=\"column\">\n\t\t\t<div class=\"elementor-widget-wrap elementor-element-populated\">\n\t\t\t\t\t\t<div class=\"elementor-element elementor-element-bbiucbv golden-divider elementor-widget elementor-widget-text-editor\" data-id=\"bbiucbv\" data-element_type=\"widget\" data-e-type=\"widget\" data-widget_type=\"text-editor.default\">\n\t\t\t\t<div class=\"elementor-widget-container\">\n\t\t\t\t\t\t\t\t\t<h2>NOTRE H\u00c9RITAGE<\/h2><p>Notre plan\u00e8te change rapidement, la population cro\u00eet et la demande en poisson surpasse la capacit\u00e9 de production des oc\u00e9ans. Face aux probl\u00e8mes de la surpopulation et de la surp\u00eache, nous nous sommes adapt\u00e9s. Nous avons con\u00e7u de meilleures m\u00e9thodes d\u2019\u00e9levage du poisson, qui r\u00e9duisent notre impact sur les \u00e9cosyst\u00e8mes locaux, permettent aux esp\u00e8ces de s\u2019\u00e9panouir et de contrer la menace de l\u2019extinction. Nous nous approvisionnons intelligemment, \u00e9levons nos produits intelligemment et offrons des produits dont nous sommes fiers.<\/p><p>L\u2019enjeu aujourd\u2019hui n\u2019est plus simplement de mettre de la nourriture sur la table. Il s\u2019agit de le faire dans le respect des oc\u00e9ans. Il s\u2019agit de le faire en laissant derri\u00e8re nous un h\u00e9ritage dont nous serons fiers. Il s\u2019agit de pr\u00e9server les habitats naturels au profit des prochaines g\u00e9n\u00e9rations. Pour faire une diff\u00e9rence, il faut faire des choix. Les bons choix. La production de porc, de b\u0153uf et de poulet a des r\u00e9percussions importantes sur la Terre. La solution? Optez pour le poisson. Et si vous optez pour le poisson, <a lang=\"fr\\\" href=\"\/fr\/nos-produits\/\">optez pour DOM<\/a>. Nous vous convions \u00e0 faire ce premier pas en notre compagnie vers des choix plus sains et un environnement plus sain<\/p><div id=\"webpki_lacunasoftware_com\" class=\"webpki_lacunasoftware_com\" style=\"display: none;\">\u00a0<\/div><div id=\"webpki_lacunasoftware_com\" class=\"webpki_lacunasoftware_com\" style=\"display: none;\">\u00a0<\/div>\t\t\t\t\t\t\t\t<\/div>\n\t\t\t\t<\/div>\n\t\t\t\t\t<\/div>\n\t\t<\/div>\n\t\t\t\t\t<\/div>\n\t\t<\/section>\n\t\t\t\t<section class=\"elementor-section elementor-top-section elementor-element elementor-element-npjnjnb elementor-section-stretched elementor-section-full_width elementor-reverse-mobile elementor-section-height-default elementor-section-height-default\" data-id=\"npjnjnb\" data-element_type=\"section\" data-e-type=\"section\" data-settings=\"{&quot;stretch_section&quot;:&quot;section-stretched&quot;}\">\n\t\t\t\t\t\t<div class=\"elementor-container elementor-column-gap-default\">\n\t\t\t\t\t<div class=\"elementor-column elementor-col-50 elementor-top-column elementor-element elementor-element-copjklq\" data-id=\"copjklq\" data-element_type=\"column\" data-e-type=\"column\">\n\t\t\t<div class=\"elementor-widget-wrap elementor-element-populated\">\n\t\t\t\t\t\t<div class=\"elementor-element elementor-element-ayuhgdx golden-divider elementor-widget elementor-widget-text-editor\" data-id=\"ayuhgdx\" data-element_type=\"widget\" data-e-type=\"widget\" data-widget_type=\"text-editor.default\">\n\t\t\t\t<div class=\"elementor-widget-container\">\n\t\t\t\t\t\t\t\t\t<h2>LA VOIE DE L\u2019AVENIR<\/h2><p>Nous nous effor\u00e7ons d\u2019assainir \u00e0 la fois la sant\u00e9 des oc\u00e9ans et celle des humains, et DOM Biologiques nous aide \u00e0 respecter cette promesse. Nos fruits de mer biologiques sont certifi\u00e9s par ECOCERT Canada. Cela signifie \u00e9lever des poissons sans recourir \u00e0 des produits chimiques, des agents de conservation, des hormones ou des antibiotiques, en leur donnant une nourriture biologique et sans OGM, dans des environnements \u00e0 faible densit\u00e9 o\u00f9 ils b\u00e9n\u00e9ficient de 60\u00a0% plus d\u2019eau par poisson. Nous sommes toujours \u00e0 la recherche de nouvelles fa\u00e7ons de p\u00eacher ou de nous approvisionner\u2026 et nous avons d\u00e9couvert que la meilleure voie pour assurer la viabilit\u00e9 \u00e9cologique est la voie de <a href=\"\/fr\/ourseafood\/biologiques\/\">DOM\u00a0Biologiques.<\/a><\/p><div id=\"webpki_lacunasoftware_com\" class=\"webpki_lacunasoftware_com\" style=\"display: none;\">\u00a0<\/div><div id=\"webpki_lacunasoftware_com\" class=\"webpki_lacunasoftware_com\" style=\"display: none;\">\u00a0<\/div><div id=\"webpki_lacunasoftware_com\" class=\"webpki_lacunasoftware_com\" style=\"display: none;\">\u00a0<\/div>\t\t\t\t\t\t\t\t<\/div>\n\t\t\t\t<\/div>\n\t\t\t\t\t<\/div>\n\t\t<\/div>\n\t\t\t\t<div class=\"elementor-column elementor-col-50 elementor-top-column elementor-element elementor-element-ojxuldv\" data-id=\"ojxuldv\" data-element_type=\"column\" data-e-type=\"column\">\n\t\t\t<div class=\"elementor-widget-wrap elementor-element-populated\">\n\t\t\t\t\t\t<div class=\"elementor-element elementor-element-fxtogkd elementor-widget elementor-widget-image\" data-id=\"fxtogkd\" data-element_type=\"widget\" data-e-type=\"widget\" data-widget_type=\"image.default\">\n\t\t\t\t<div class=\"elementor-widget-container\">\n\t\t\t\t\t\t\t\t\t\t\t\t\t\t\t<img decoding=\"async\" width=\"1024\" height=\"856\" src=\"https:\/\/dominternational.com\/wp-content\/uploads\/2017\/02\/GettyImages-639651000-1024x856.jpg\" class=\"attachment-large size-large wp-image-250\" alt=\"Fresh salmon on a cutting board\" srcset=\"https:\/\/dominternational.com\/wp-content\/uploads\/2017\/02\/GettyImages-639651000-1024x856.jpg 1024w, https:\/\/dominternational.com\/wp-content\/uploads\/2017\/02\/GettyImages-639651000-300x251.jpg 300w, https:\/\/dominternational.com\/wp-content\/uploads\/2017\/02\/GettyImages-639651000-768x642.jpg 768w, https:\/\/dominternational.com\/wp-content\/uploads\/2017\/02\/GettyImages-639651000.jpg 1531w\" sizes=\"(max-width: 1024px) 100vw, 1024px\" \/>\t\t\t\t\t\t\t\t\t\t\t\t\t\t\t<\/div>\n\t\t\t\t<\/div>\n\t\t\t\t\t<\/div>\n\t\t<\/div>\n\t\t\t\t\t<\/div>\n\t\t<\/section>\n\t\t\t\t<section class=\"elementor-section elementor-top-section elementor-element elementor-element-kpwskif elementor-section-full_width elementor-section-content-middle elementor-section-stretched elementor-section-height-default elementor-section-height-default\" data-id=\"kpwskif\" data-element_type=\"section\" data-e-type=\"section\" data-settings=\"{&quot;background_background&quot;:&quot;classic&quot;,&quot;stretch_section&quot;:&quot;section-stretched&quot;}\">\n\t\t\t\t\t\t<div class=\"elementor-container elementor-column-gap-no\">\n\t\t\t\t\t<div class=\"elementor-column elementor-col-50 elementor-top-column elementor-element elementor-element-imauxmp\" data-id=\"imauxmp\" data-element_type=\"column\" data-e-type=\"column\">\n\t\t\t<div class=\"elementor-widget-wrap elementor-element-populated\">\n\t\t\t\t\t\t<div class=\"elementor-element elementor-element-pcffzto elementor-widget elementor-widget-image\" data-id=\"pcffzto\" data-element_type=\"widget\" data-e-type=\"widget\" data-widget_type=\"image.default\">\n\t\t\t\t<div class=\"elementor-widget-container\">\n\t\t\t\t\t\t\t\t\t\t\t\t\t\t\t<img loading=\"lazy\" decoding=\"async\" width=\"1024\" height=\"768\" src=\"https:\/\/dominternational.com\/wp-content\/uploads\/2017\/02\/GettyImages-640259922-1024x768.jpg\" class=\"attachment-large size-large wp-image-423\" alt=\"Fish being smoked at a traditional Norwegian smokehouse.\" srcset=\"https:\/\/dominternational.com\/wp-content\/uploads\/2017\/02\/GettyImages-640259922-1024x768.jpg 1024w, https:\/\/dominternational.com\/wp-content\/uploads\/2017\/02\/GettyImages-640259922-300x225.jpg 300w, https:\/\/dominternational.com\/wp-content\/uploads\/2017\/02\/GettyImages-640259922-768x576.jpg 768w, https:\/\/dominternational.com\/wp-content\/uploads\/2017\/02\/GettyImages-640259922.jpg 1707w\" sizes=\"(max-width: 1024px) 100vw, 1024px\" \/>\t\t\t\t\t\t\t\t\t\t\t\t\t\t\t<\/div>\n\t\t\t\t<\/div>\n\t\t\t\t\t<\/div>\n\t\t<\/div>\n\t\t\t\t<div class=\"elementor-column elementor-col-50 elementor-top-column elementor-element elementor-element-tyiuhhk\" data-id=\"tyiuhhk\" data-element_type=\"column\" data-e-type=\"column\">\n\t\t\t<div class=\"elementor-widget-wrap elementor-element-populated\">\n\t\t\t\t\t\t<div class=\"elementor-element elementor-element-eunmcoa golden-divider elementor-widget elementor-widget-text-editor\" data-id=\"eunmcoa\" data-element_type=\"widget\" data-e-type=\"widget\" data-widget_type=\"text-editor.default\">\n\t\t\t\t<div class=\"elementor-widget-container\">\n\t\t\t\t\t\t\t\t\t<h2>ORIGINES<\/h2><h3>L\u2019histoire du saumon fum\u00e9\u00a0<\/h3><p>La fumaison pr\u00e9serve le poisson. Cette m\u00e9thode de conservation est utilis\u00e9e depuis des si\u00e8cles par diff\u00e9rentes cultures un peu partout dans le monde. Pour se pr\u00e9parer en vue des longs et rigoureux hivers, nos anc\u00eatres fumaient et salaient leur saumon fra\u00eechement p\u00each\u00e9. Les Grecs et les Romains servaient du saumon fum\u00e9 lors des banquets et des festivals. Les Premi\u00e8res Nations nord-am\u00e9ricaines \u00e9prouvaient un profond respect pour le saumon, dont ils ont d\u00e9pendu durant des si\u00e8cles. Selon une l\u00e9gende norse, les Vikings se seraient d\u00e9j\u00e0 battus pour cette ressource pr\u00e9cieuse. Pour ramener la paix, le dieu nordique Thor aurait projet\u00e9 foudre et \u00e9clairs depuis les cieux, creusant les fjords, ces innombrables et profonds sillons qui fa\u00e7onnent les c\u00f4tes et qui garantissent une abondance de saumon.<\/p><h3>L\u2019histoire du gravad lax<\/h3><p>Bien avant l\u2019\u00e9poque des Vikings, les Scandinaves enterraient leur saumon sous terre, entre des couches d\u2019aneth, de sel et de sucre. La m\u00e9thode gravad lax, qui signifie \u00ab\u00a0la tombe du saumon\u00a0\u00bb, pr\u00e9servait le poisson en l\u2019absence de r\u00e9frig\u00e9ration et permettait aux gens de survivre \u00e0 l\u2019hiver.<\/p><p><strong>Comment fumez-vous votre poisson?<\/strong><\/p><p><em>\u00c0 la Scandinave: <\/em>sal\u00e9 \u00e0 sec et fum\u00e9 \u00e0 froid doucement.<\/p><p><em>\u00c0 l\u2019Irlandaise: <\/em>sal\u00e9 avec du sel de mer et fum\u00e9 sur du ch\u00eane.<\/p><p><em>Selon une technique de la c\u00f4te Ouest: <\/em>l\u00e9g\u00e8rement fum\u00e9 sur du bois de feuillus parfum\u00e9.<\/p><div id=\"webpki_lacunasoftware_com\" class=\"webpki_lacunasoftware_com\" style=\"display: none;\">\u00a0<\/div><div id=\"webpki_lacunasoftware_com\" class=\"webpki_lacunasoftware_com\" style=\"display: none;\">\u00a0<\/div><div id=\"webpki_lacunasoftware_com\" class=\"webpki_lacunasoftware_com\" style=\"display: none;\">\u00a0<\/div><div id=\"webpki_lacunasoftware_com\" class=\"webpki_lacunasoftware_com\" style=\"display: none;\">\u00a0<\/div>\t\t\t\t\t\t\t\t<\/div>\n\t\t\t\t<\/div>\n\t\t\t\t\t<\/div>\n\t\t<\/div>\n\t\t\t\t\t<\/div>\n\t\t<\/section>\n\t\t\t\t<\/div>\n\t\t","protected":false},"excerpt":{"rendered":"<p>NOTRE HISTOIRE Il y a plus de vingt-cinq ans de cela, DOM International d\u00e9barquait en Norv\u00e8ge dans sa qu\u00eate pour proposer \u00e0 ses consommateurs canadiens le meilleur saumon au monde. L\u2019air \u00e9tait frais et vif, et les eaux bleues aliment\u00e9es par les glaciers \u00e9taient entour\u00e9es des montagnes qui cr\u00e9aient les fjords. Durant des g\u00e9n\u00e9rations, ces<\/p>\n","protected":false},"author":2,"featured_media":1824,"parent":0,"menu_order":0,"comment_status":"closed","ping_status":"closed","template":"","meta":{"_acf_changed":false,"inline_featured_image":false,"footnotes":""},"class_list":["post-1754","page","type-page","status-publish","has-post-thumbnail","hentry"],"acf":[],"_links":{"self":[{"href":"https:\/\/dominternational.com\/fr\/wp-json\/wp\/v2\/pages\/1754","targetHints":{"allow":["GET"]}}],"collection":[{"href":"https:\/\/dominternational.com\/fr\/wp-json\/wp\/v2\/pages"}],"about":[{"href":"https:\/\/dominternational.com\/fr\/wp-json\/wp\/v2\/types\/page"}],"author":[{"embeddable":true,"href":"https:\/\/dominternational.com\/fr\/wp-json\/wp\/v2\/users\/2"}],"replies":[{"embeddable":true,"href":"https:\/\/dominternational.com\/fr\/wp-json\/wp\/v2\/comments?post=1754"}],"version-history":[{"count":4,"href":"https:\/\/dominternational.com\/fr\/wp-json\/wp\/v2\/pages\/1754\/revisions"}],"predecessor-version":[{"id":1785,"href":"https:\/\/dominternational.com\/fr\/wp-json\/wp\/v2\/pages\/1754\/revisions\/1785"}],"wp:featuredmedia":[{"embeddable":true,"href":"https:\/\/dominternational.com\/fr\/wp-json\/wp\/v2\/media\/1824"}],"wp:attachment":[{"href":"https:\/\/dominternational.com\/fr\/wp-json\/wp\/v2\/media?parent=1754"}],"curies":[{"name":"wp","href":"https:\/\/api.w.org\/{rel}","templated":true}]}}