{"id":1766,"date":"2017-02-22T14:05:30","date_gmt":"2017-02-22T14:05:30","guid":{"rendered":"https:\/\/dominternational.com\/home\/"},"modified":"2017-06-19T16:50:31","modified_gmt":"2017-06-19T20:50:31","slug":"home","status":"publish","type":"page","link":"https:\/\/dominternational.com\/fr\/","title":{"rendered":"Accueil"},"content":{"rendered":"\t\t<div data-elementor-type=\"wp-post\" data-elementor-id=\"1766\" class=\"elementor elementor-1766\">\n\t\t\t\t\t\t<section class=\"elementor-section elementor-top-section elementor-element elementor-element-f07jruq elementor-section-boxed elementor-section-height-default elementor-section-height-default\" data-id=\"f07jruq\" data-element_type=\"section\" data-e-type=\"section\">\n\t\t\t\t\t\t<div class=\"elementor-container elementor-column-gap-default\">\n\t\t\t\t\t<div class=\"elementor-column elementor-col-100 elementor-top-column elementor-element elementor-element-5yjw8ba\" data-id=\"5yjw8ba\" data-element_type=\"column\" data-e-type=\"column\">\n\t\t\t<div class=\"elementor-widget-wrap elementor-element-populated\">\n\t\t\t\t\t\t<div class=\"elementor-element elementor-element-d4pswls elementor-widget elementor-widget-text-editor\" data-id=\"d4pswls\" data-element_type=\"widget\" data-e-type=\"widget\" data-widget_type=\"text-editor.default\">\n\t\t\t\t<div class=\"elementor-widget-container\">\n\t\t\t\t\t\t\t\t\t<h2 style=\"text-align: center;\">LET&rsquo;S EAT<\/h2><h3 style=\"text-align: center;\">INSPIRATION FOR YOUR TABLE<\/h3>\t\t\t\t\t\t\t\t<\/div>\n\t\t\t\t<\/div>\n\t\t\t\t\t<\/div>\n\t\t<\/div>\n\t\t\t\t\t<\/div>\n\t\t<\/section>\n\t\t\t\t<section class=\"elementor-section elementor-top-section elementor-element elementor-element-h9ifyv8 elementor-section-boxed elementor-section-height-default elementor-section-height-default\" data-id=\"h9ifyv8\" data-element_type=\"section\" data-e-type=\"section\">\n\t\t\t\t\t\t<div class=\"elementor-container elementor-column-gap-default\">\n\t\t\t\t\t<div class=\"elementor-column elementor-col-100 elementor-top-column elementor-element elementor-element-9a1aer1\" data-id=\"9a1aer1\" data-element_type=\"column\" data-e-type=\"column\">\n\t\t\t<div class=\"elementor-widget-wrap elementor-element-populated\">\n\t\t\t\t\t\t<div class=\"elementor-element elementor-element-iszptzc elementor-widget elementor-widget-shortcode\" data-id=\"iszptzc\" data-element_type=\"widget\" data-e-type=\"widget\" data-widget_type=\"shortcode.default\">\n\t\t\t\t<div class=\"elementor-widget-container\">\n\t\t\t\t\t\t\t<div class=\"elementor-shortcode\"><div class=\"recipe-categories\"><div class=\"grid-item\"><a href=\"https:\/\/dominternational.com\/fr\/eat\/hors-doeuvre-et-planches\/\" style=\"background-image:url(https:\/\/dominternational.com\/wp-content\/uploads\/2017\/04\/DOM_LetsEat_HomePageTouts_PaleoBoard.png);\"><img decoding=\"async\" src=\"https:\/\/dominternational.com\/wp-content\/uploads\/2017\/04\/DOM_LetsEat_HomePageTouts_PaleoBoard.png\" alt=\"Hors-d\u2019\u0153uvre et planches Recipes Category\"><span class=\"caption\">Hors-d\u2019\u0153uvre et planches<\/span><\/a><\/div><div class=\"grid-item\"><a href=\"https:\/\/dominternational.com\/fr\/eat\/enfants\/\" style=\"background-image:url(https:\/\/dominternational.com\/wp-content\/uploads\/2017\/02\/Kids.jpg);\"><img decoding=\"async\" src=\"https:\/\/dominternational.com\/wp-content\/uploads\/2017\/02\/Kids.jpg\" alt=\"Enfants Recipes Category\"><span class=\"caption\">Enfants<\/span><\/a><\/div><div class=\"grid-item\"><a href=\"https:\/\/dominternational.com\/fr\/eat\/plats-principaux\/\" style=\"background-image:url(https:\/\/dominternational.com\/wp-content\/uploads\/2017\/04\/DOM_LetsEat_HomePageTout_Salmon.png);\"><img decoding=\"async\" src=\"https:\/\/dominternational.com\/wp-content\/uploads\/2017\/04\/DOM_LetsEat_HomePageTout_Salmon.png\" alt=\"Plats principaux Recipes Category\"><span class=\"caption\">Plats principaux<\/span><\/a><\/div><div class=\"grid-item\"><a href=\"https:\/\/dominternational.com\/fr\/eat\/sur-le-gril\/\" style=\"background-image:url(https:\/\/dominternational.com\/wp-content\/uploads\/2017\/04\/DOM_LetsEat_HomePageTouts_CedarPlank.png);\"><img decoding=\"async\" src=\"https:\/\/dominternational.com\/wp-content\/uploads\/2017\/04\/DOM_LetsEat_HomePageTouts_CedarPlank.png\" alt=\"Sur le gril Recipes Category\"><span class=\"caption\">Sur le gril<\/span><\/a><\/div><div class=\"grid-item\"><a href=\"https:\/\/dominternational.com\/fr\/eat\/pates\/\" style=\"background-image:url(https:\/\/dominternational.com\/wp-content\/uploads\/2017\/03\/pastas.png);\"><img decoding=\"async\" src=\"https:\/\/dominternational.com\/wp-content\/uploads\/2017\/03\/pastas.png\" alt=\"P\u00e2tes Recipes Category\"><span class=\"caption\">P\u00e2tes<\/span><\/a><\/div><div class=\"grid-item\"><a href=\"https:\/\/dominternational.com\/fr\/eat\/bols-et-salades\/\" style=\"background-image:url(https:\/\/dominternational.com\/wp-content\/uploads\/2017\/03\/Bowls.png);\"><img decoding=\"async\" src=\"https:\/\/dominternational.com\/wp-content\/uploads\/2017\/03\/Bowls.png\" alt=\"Bols et salades Recipes Category\"><span class=\"caption\">Bols et salades<\/span><\/a><\/div><\/div><\/div>\n\t\t\t\t\t\t<\/div>\n\t\t\t\t<\/div>\n\t\t\t\t<div class=\"elementor-element elementor-element-mhvtzvt elementor-align-center get-cooking-button elementor-widget elementor-widget-button\" data-id=\"mhvtzvt\" data-element_type=\"widget\" data-e-type=\"widget\" data-widget_type=\"button.default\">\n\t\t\t\t<div class=\"elementor-widget-container\">\n\t\t\t\t\t\t\t\t\t<div class=\"elementor-button-wrapper\">\n\t\t\t\t\t<a class=\"elementor-button elementor-button-link elementor-size-lg\" href=\"\/fr\/a-table\/\">\n\t\t\t\t\t\t<span class=\"elementor-button-content-wrapper\">\n\t\t\t\t\t\t\t\t\t<span class=\"elementor-button-text\">\u00c0 VOS CHAUDRONS<\/span>\n\t\t\t\t\t<\/span>\n\t\t\t\t\t<\/a>\n\t\t\t\t<\/div>\n\t\t\t\t\t\t\t\t<\/div>\n\t\t\t\t<\/div>\n\t\t\t\t\t<\/div>\n\t\t<\/div>\n\t\t\t\t\t<\/div>\n\t\t<\/section>\n\t\t\t\t<section class=\"elementor-section elementor-top-section elementor-element elementor-element-h2ris7p elementor-section-stretched full-ipad elementor-section-boxed elementor-section-height-default elementor-section-height-default\" data-id=\"h2ris7p\" data-element_type=\"section\" data-e-type=\"section\" data-settings=\"{&quot;stretch_section&quot;:&quot;section-stretched&quot;,&quot;background_background&quot;:&quot;classic&quot;}\">\n\t\t\t\t\t\t<div class=\"elementor-container elementor-column-gap-default\">\n\t\t\t\t\t<div class=\"elementor-column elementor-col-50 elementor-top-column elementor-element elementor-element-j6py5j4\" data-id=\"j6py5j4\" data-element_type=\"column\" data-e-type=\"column\">\n\t\t\t<div class=\"elementor-widget-wrap elementor-element-populated\">\n\t\t\t\t\t\t<div class=\"elementor-element elementor-element-uqtxnqb elementor-widget elementor-widget-image\" data-id=\"uqtxnqb\" data-element_type=\"widget\" data-e-type=\"widget\" data-widget_type=\"image.default\">\n\t\t\t\t<div class=\"elementor-widget-container\">\n\t\t\t\t\t\t\t\t\t\t\t\t\t\t\t<img fetchpriority=\"high\" decoding=\"async\" width=\"1489\" height=\"1024\" src=\"https:\/\/dominternational.com\/wp-content\/uploads\/2017\/02\/HomePageOurStory.jpg\" class=\"attachment-full size-full wp-image-266\" alt=\"Trout swimming in water\" srcset=\"https:\/\/dominternational.com\/wp-content\/uploads\/2017\/02\/HomePageOurStory.jpg 1489w, https:\/\/dominternational.com\/wp-content\/uploads\/2017\/02\/HomePageOurStory-300x206.jpg 300w, https:\/\/dominternational.com\/wp-content\/uploads\/2017\/02\/HomePageOurStory-768x528.jpg 768w, https:\/\/dominternational.com\/wp-content\/uploads\/2017\/02\/HomePageOurStory-1024x704.jpg 1024w\" sizes=\"(max-width: 1489px) 100vw, 1489px\" \/>\t\t\t\t\t\t\t\t\t\t\t\t\t\t\t<\/div>\n\t\t\t\t<\/div>\n\t\t\t\t\t<\/div>\n\t\t<\/div>\n\t\t\t\t<div class=\"elementor-column elementor-col-50 elementor-top-column elementor-element elementor-element-6wlhpzi\" data-id=\"6wlhpzi\" data-element_type=\"column\" data-e-type=\"column\">\n\t\t\t<div class=\"elementor-widget-wrap elementor-element-populated\">\n\t\t\t\t\t\t<div class=\"elementor-element elementor-element-gkafckf golden-divider elementor-widget elementor-widget-text-editor\" data-id=\"gkafckf\" data-element_type=\"widget\" data-e-type=\"widget\" data-widget_type=\"text-editor.default\">\n\t\t\t\t<div class=\"elementor-widget-container\">\n\t\t\t\t\t\t\t\t\t<h2>NOTRE ENGAGEMENT<\/h2><h3>UNE SOURCE DE FIERT\u00c9<\/h3><p>Trouver des sources alimentaires plus vertes et plus propres est important pour notre avenir \u00e0 tous. L\u2019\u00e9levage, la surpopulation et la surp\u00eache ont un impact important sur notre plan\u00e8te. Faire des choix durables est une mani\u00e8re \u00e0 la fois simple et puissante de minimiser ces effets. De nouvelles technologies dans le secteur de la p\u00eache ont conduit \u00e0 la mise en place de lignes directrices plus strictes et de normes plus \u00e9lev\u00e9es pour l\u2019\u00e9levage piscicole, ce qui a permis de r\u00e9duire les intrusions environnementales.<\/p><p>Opter pour un approvisionnement et une p\u00eache responsables, c\u2019est favoriser concr\u00e8tement la sant\u00e9 des oc\u00e9ans. Tous les produits de la mer de DOM proviennent de sources \u00e9coresponsables et sont \u00e9lev\u00e9s ou pr\u00e9lev\u00e9s \u00e0 des endroits sp\u00e9cialement choisis un peu partout sur la plan\u00e8te. Nous avons commenc\u00e9 notre p\u00e9riple avec Norwegian Fjord, du saumon provenant de sources durables dans les eaux froides et limpides de la Norv\u00e8ge. Tous les produits de la mer DOM sont bons pour vous comme pour l\u2019environnement. Nous avons \u00e0 c\u0153ur nos oc\u00e9ans et nos \u00e9cosyst\u00e8mes ainsi que leur protection. Nous avons aussi con\u00e7u une gamme de produits biologiques qui contribuent \u00e0 la protection et \u00e0 la pr\u00e9servation des \u00e9cosyst\u00e8mes. Les produits DOM Biologiques ne contiennent ni produits chimiques, ni antibiotiques, ni hormones, et les poissons b\u00e9n\u00e9ficient d\u2019une alimentation biologique sans OGM. Chaque fois que vous achetez des produits de la mer, vous avez l\u2019occasion de poser des gestes concrets pour soutenir la p\u00eache responsable. Alors, que vous magasiniez pour votre restaurant ou pour votre famille, faites un choix responsable. <a href=\"http:\/\/dominternational.com\/fr\/nos-produits\/\"><u>Choisissez DOM.<\/u><\/a><\/p>\t\t\t\t\t\t\t\t<\/div>\n\t\t\t\t<\/div>\n\t\t\t\t<div class=\"elementor-element elementor-element-285d9ct elementor-tablet-align-left elementor-align-left elementor-widget elementor-widget-button\" data-id=\"285d9ct\" data-element_type=\"widget\" data-e-type=\"widget\" data-widget_type=\"button.default\">\n\t\t\t\t<div class=\"elementor-widget-container\">\n\t\t\t\t\t\t\t\t\t<div class=\"elementor-button-wrapper\">\n\t\t\t\t\t<a class=\"elementor-button elementor-button-link elementor-size-md\" href=\"\/fr\/notre-histoire\">\n\t\t\t\t\t\t<span class=\"elementor-button-content-wrapper\">\n\t\t\t\t\t\t\t\t\t<span class=\"elementor-button-text\">PLUS D\u2019INFOS<\/span>\n\t\t\t\t\t<\/span>\n\t\t\t\t\t<\/a>\n\t\t\t\t<\/div>\n\t\t\t\t\t\t\t\t<\/div>\n\t\t\t\t<\/div>\n\t\t\t\t\t<\/div>\n\t\t<\/div>\n\t\t\t\t\t<\/div>\n\t\t<\/section>\n\t\t\t\t<section class=\"elementor-section elementor-top-section elementor-element elementor-element-janquz2 elementor-section-stretched elementor-reverse-mobile elementor-section-boxed elementor-section-height-default elementor-section-height-default\" data-id=\"janquz2\" data-element_type=\"section\" data-e-type=\"section\" data-settings=\"{&quot;stretch_section&quot;:&quot;section-stretched&quot;}\">\n\t\t\t\t\t\t<div class=\"elementor-container elementor-column-gap-default\">\n\t\t\t\t\t<div class=\"elementor-column elementor-col-50 elementor-top-column elementor-element elementor-element-ghy61yk\" data-id=\"ghy61yk\" data-element_type=\"column\" data-e-type=\"column\">\n\t\t\t<div class=\"elementor-widget-wrap elementor-element-populated\">\n\t\t\t\t\t\t<div class=\"elementor-element elementor-element-p2yrdi8 golden-divider elementor-widget elementor-widget-text-editor\" data-id=\"p2yrdi8\" data-element_type=\"widget\" data-e-type=\"widget\" data-widget_type=\"text-editor.default\">\n\t\t\t\t<div class=\"elementor-widget-container\">\n\t\t\t\t\t\t\t\t\t<h2>NOS PRODUITS<\/h2><h3>LA QU\u00caTE DE L\u2019EXCELLENCE<\/h3><p>DOM International vous propose les meilleurs fruits de mer du monde. Nous nous sommes aventur\u00e9s aux quatre coins de la plan\u00e8te pour d\u00e9couvrir les meilleurs produits de la mer. Cette qu\u00eate de l\u2019excellence a conduit \u00e0 la cr\u00e9ation de notre gamme de produits distinctifs. Notre saumon <a href=\"\/fr\/\/ourseafood\/norwegian-fjord-fr\/\"><u>Norwegian Fjord<\/u><\/a>, fum\u00e9 selon des m\u00e9thodes traditionnelles, gravad lax ou frais, est authentiquement scandinave, \u00e9lev\u00e9 dans les eaux profondes de la Norv\u00e8ge aliment\u00e9es par les glaciers. <a href=\"\/fr\/ourseafood\/biologiques\/\"><u>DOM Biologiques<\/u><\/a> est un choix vert et propre, qui propose des fruits de mer certifi\u00e9s biologiques, \u00e9lev\u00e9s sans recours \u00e0 des antibiotiques, hormones, ni produits chimiques. Notre gamme comprend crevettes, moules, saumon et bar biologiques.<\/p><p>Avec <a href=\"\/fr\/ourseafood\/reserve-fr\/\"><u>DOM\u00a0Reserve<\/u><\/a>, le restaurant s\u2019invite dans votre cuisine gr\u00e2ce \u00e0 des mets inspir\u00e9s de recettes de chefs cuisiniers, comme du saumon sur planche de c\u00e8dre, des escargots, des portions de saumon marin\u00e9es et du saumon fum\u00e9, une vari\u00e9t\u00e9 de plats sp\u00e9ciaux qui rehaussent votre table en un tournemain. <a href=\"\/fr\/ourseafood\/specialite\/\"><u>DOM Sp\u00e9cialit\u00e9<\/u><\/a> propose du saumon fum\u00e9 pr\u00e9emball\u00e9 de qualit\u00e9 \u00e0 des prix de tous les jours, id\u00e9al pour les personnes au style de vie actif.<\/p><p>Quelle que soit la m\u00e9thode, poch\u00e9s, grill\u00e9s, \u00e0 la vapeur ou au four, pr\u00e9parer des fruits de mer n\u2019a rien de compliqu\u00e9. Nous avons pr\u00e9par\u00e9 une liste de\u00a0<u><a href=\"\/fr\/trucs-et-conseils-de-preparation\/\">Trucs et conseils de pr\u00e9paration<\/a><\/u>\u00a0contenant des instructions simples pour vous aider \u00e0 pr\u00e9parer votre poisson comme un pro. Vous ne savez pas trop non plus comment manipuler vos fruits de mer? Pas de probl\u00e8me! Nous vous offrons aussi nos conseils en ce domaine! Moules \u00e0 la vapeur, brochettes de crevettes grill\u00e9es, saumon en cro\u00fbte de parmesan grill\u00e9&#8230; DOM vous aide \u00e0 r\u00e9aliser toutes vos ambitions culinaires.<\/p><p>Vous avez envie de pr\u00e9parer un brunch ce week-end? Vous cherchez \u00e0 int\u00e9grer les produits de la mer aux habitudes alimentaires de votre famille? Vous avez besoin d\u2019une nouvelle recette de fruits de mer? D\u00e9couvrez un peu de tout, pour toutes les occasions, depuis d\u2019\u00e9l\u00e9gants amuse-gueule \u00e0 base de produits de la mer \u00e0 des plats principaux b\u00e9n\u00e9fiques pour la sant\u00e9 cardiaque, en passant par des p\u00e2tes d\u00e9licieuses et des plats qui susciteront l\u2019enthousiasme chez les enfants. <u><a href=\"\/fr\/a-table\/\">\u00c0 table<\/a>!<\/u><\/p><div id=\"webpki_lacunasoftware_com\" class=\"webpki_lacunasoftware_com\" style=\"display: none;\">\u00a0<\/div><div id=\"webpki_lacunasoftware_com\" class=\"webpki_lacunasoftware_com\" style=\"display: none;\">\u00a0<\/div><div id=\"webpki_lacunasoftware_com\" class=\"webpki_lacunasoftware_com\" style=\"display: none;\">\u00a0<\/div><div id=\"webpki_lacunasoftware_com\" class=\"webpki_lacunasoftware_com\" style=\"display: none;\">\u00a0<\/div><div id=\"webpki_lacunasoftware_com\" class=\"webpki_lacunasoftware_com\" style=\"display: none;\">\u00a0<\/div><div id=\"webpki_lacunasoftware_com\" class=\"webpki_lacunasoftware_com\" style=\"display: none;\">\u00a0<\/div><div id=\"webpki_lacunasoftware_com\" class=\"webpki_lacunasoftware_com\" style=\"display: none;\">\u00a0<\/div><div id=\"webpki_lacunasoftware_com\" class=\"webpki_lacunasoftware_com\" style=\"display: none;\">\u00a0<\/div>\t\t\t\t\t\t\t\t<\/div>\n\t\t\t\t<\/div>\n\t\t\t\t<div class=\"elementor-element elementor-element-jvstxe1 elementor-tablet-align-left elementor-widget elementor-widget-button\" data-id=\"jvstxe1\" data-element_type=\"widget\" data-e-type=\"widget\" data-widget_type=\"button.default\">\n\t\t\t\t<div class=\"elementor-widget-container\">\n\t\t\t\t\t\t\t\t\t<div class=\"elementor-button-wrapper\">\n\t\t\t\t\t<a class=\"elementor-button elementor-button-link elementor-size-md\" href=\"\/fr\/nos-produits\/\">\n\t\t\t\t\t\t<span class=\"elementor-button-content-wrapper\">\n\t\t\t\t\t\t\t\t\t<span class=\"elementor-button-text\">PLUS D\u2019INFOS<\/span>\n\t\t\t\t\t<\/span>\n\t\t\t\t\t<\/a>\n\t\t\t\t<\/div>\n\t\t\t\t\t\t\t\t<\/div>\n\t\t\t\t<\/div>\n\t\t\t\t<div class=\"elementor-element elementor-element-6gez17a elementor-hidden-desktop elementor-hidden-tablet elementor-widget elementor-widget-image\" data-id=\"6gez17a\" data-element_type=\"widget\" data-e-type=\"widget\" data-widget_type=\"image.default\">\n\t\t\t\t<div class=\"elementor-widget-container\">\n\t\t\t\t\t\t\t\t\t\t\t\t\t\t\t<img decoding=\"async\" width=\"1024\" height=\"683\" src=\"https:\/\/dominternational.com\/wp-content\/uploads\/2017\/02\/GettyImages-530418242-e1488294220337-1024x683.jpg\" class=\"attachment-large size-large wp-image-120\" alt=\"Baked salmon garnished with asparagus, tomatoes, and herbs.\" srcset=\"https:\/\/dominternational.com\/wp-content\/uploads\/2017\/02\/GettyImages-530418242-e1488294220337.jpg 1024w, https:\/\/dominternational.com\/wp-content\/uploads\/2017\/02\/GettyImages-530418242-e1488294220337-300x200.jpg 300w, https:\/\/dominternational.com\/wp-content\/uploads\/2017\/02\/GettyImages-530418242-e1488294220337-768x512.jpg 768w\" sizes=\"(max-width: 1024px) 100vw, 1024px\" \/>\t\t\t\t\t\t\t\t\t\t\t\t\t\t\t<\/div>\n\t\t\t\t<\/div>\n\t\t\t\t\t<\/div>\n\t\t<\/div>\n\t\t\t\t<div class=\"elementor-column elementor-col-50 elementor-top-column elementor-element elementor-element-e4chv3w\" data-id=\"e4chv3w\" data-element_type=\"column\" data-e-type=\"column\">\n\t\t\t<div class=\"elementor-widget-wrap elementor-element-populated\">\n\t\t\t\t\t\t<div class=\"elementor-element elementor-element-0p7hun5 elementor-widget elementor-widget-image\" data-id=\"0p7hun5\" data-element_type=\"widget\" data-e-type=\"widget\" data-widget_type=\"image.default\">\n\t\t\t\t<div class=\"elementor-widget-container\">\n\t\t\t\t\t\t\t\t\t\t\t\t\t\t\t<img decoding=\"async\" width=\"1024\" height=\"661\" src=\"https:\/\/dominternational.com\/wp-content\/uploads\/2017\/02\/HomePageOurSeafood1-1024x661.jpg\" class=\"attachment-large size-large wp-image-265\" alt=\"Salmon fillet on ice\" srcset=\"https:\/\/dominternational.com\/wp-content\/uploads\/2017\/02\/HomePageOurSeafood1-1024x661.jpg 1024w, https:\/\/dominternational.com\/wp-content\/uploads\/2017\/02\/HomePageOurSeafood1-300x194.jpg 300w, https:\/\/dominternational.com\/wp-content\/uploads\/2017\/02\/HomePageOurSeafood1-768x496.jpg 768w, https:\/\/dominternational.com\/wp-content\/uploads\/2017\/02\/HomePageOurSeafood1.jpg 1586w\" sizes=\"(max-width: 1024px) 100vw, 1024px\" \/>\t\t\t\t\t\t\t\t\t\t\t\t\t\t\t<\/div>\n\t\t\t\t<\/div>\n\t\t\t\t<div class=\"elementor-element elementor-element-mutu49k elementor-hidden-phone elementor-widget elementor-widget-image\" data-id=\"mutu49k\" data-element_type=\"widget\" data-e-type=\"widget\" data-widget_type=\"image.default\">\n\t\t\t\t<div class=\"elementor-widget-container\">\n\t\t\t\t\t\t\t\t\t\t\t\t\t\t\t<img decoding=\"async\" width=\"1024\" height=\"683\" src=\"https:\/\/dominternational.com\/wp-content\/uploads\/2017\/02\/GettyImages-530418242-e1488294220337-1024x683.jpg\" class=\"attachment-large size-large wp-image-120\" alt=\"Baked salmon garnished with asparagus, tomatoes, and herbs.\" srcset=\"https:\/\/dominternational.com\/wp-content\/uploads\/2017\/02\/GettyImages-530418242-e1488294220337.jpg 1024w, https:\/\/dominternational.com\/wp-content\/uploads\/2017\/02\/GettyImages-530418242-e1488294220337-300x200.jpg 300w, https:\/\/dominternational.com\/wp-content\/uploads\/2017\/02\/GettyImages-530418242-e1488294220337-768x512.jpg 768w\" sizes=\"(max-width: 1024px) 100vw, 1024px\" \/>\t\t\t\t\t\t\t\t\t\t\t\t\t\t\t<\/div>\n\t\t\t\t<\/div>\n\t\t\t\t\t<\/div>\n\t\t<\/div>\n\t\t\t\t\t<\/div>\n\t\t<\/section>\n\t\t\t\t<\/div>\n\t\t","protected":false},"excerpt":{"rendered":"<p>LET&rsquo;S EAT INSPIRATION FOR YOUR TABLE \u00c0 VOS CHAUDRONS NOTRE ENGAGEMENT UNE SOURCE DE FIERT\u00c9 Trouver des sources alimentaires plus vertes et plus propres est important pour notre avenir \u00e0 tous. L\u2019\u00e9levage, la surpopulation et la surp\u00eache ont un impact important sur notre plan\u00e8te. Faire des choix durables est une mani\u00e8re \u00e0 la fois simple<\/p>\n","protected":false},"author":2,"featured_media":0,"parent":0,"menu_order":0,"comment_status":"closed","ping_status":"closed","template":"","meta":{"_acf_changed":false,"inline_featured_image":false,"footnotes":""},"class_list":["post-1766","page","type-page","status-publish","hentry"],"acf":[],"_links":{"self":[{"href":"https:\/\/dominternational.com\/fr\/wp-json\/wp\/v2\/pages\/1766","targetHints":{"allow":["GET"]}}],"collection":[{"href":"https:\/\/dominternational.com\/fr\/wp-json\/wp\/v2\/pages"}],"about":[{"href":"https:\/\/dominternational.com\/fr\/wp-json\/wp\/v2\/types\/page"}],"author":[{"embeddable":true,"href":"https:\/\/dominternational.com\/fr\/wp-json\/wp\/v2\/users\/2"}],"replies":[{"embeddable":true,"href":"https:\/\/dominternational.com\/fr\/wp-json\/wp\/v2\/comments?post=1766"}],"version-history":[{"count":4,"href":"https:\/\/dominternational.com\/fr\/wp-json\/wp\/v2\/pages\/1766\/revisions"}],"predecessor-version":[{"id":1799,"href":"https:\/\/dominternational.com\/fr\/wp-json\/wp\/v2\/pages\/1766\/revisions\/1799"}],"wp:attachment":[{"href":"https:\/\/dominternational.com\/fr\/wp-json\/wp\/v2\/media?parent=1766"}],"curies":[{"name":"wp","href":"https:\/\/api.w.org\/{rel}","templated":true}]}}